{"id":1741,"date":"2024-08-06T06:31:54","date_gmt":"2024-08-06T06:31:54","guid":{"rendered":"https:\/\/rig.webennet.nl\/services\/"},"modified":"2025-07-14T14:06:19","modified_gmt":"2025-07-14T14:06:19","slug":"servicios","status":"publish","type":"page","link":"https:\/\/rig.webennet.nl\/es\/servicios\/","title":{"rendered":"Servicio"},"content":{"rendered":"\n\n<div id=\"rig-header-wrapper\" style=\"padding-top: 0px; padding-bottom: px; margin-top: 0px; margin-bottom: 0px;\">\n\n    <div class=\"container\">\n\t\t<div class=\"row\">\n\t\t\t<div class=\"col-12 col-sm-12 col-md-12 col-lg-12 col-xl-12 col-xxl-12\">\n\t\t\t\t<div id=\"rig-header-content-wrapper\">\n\t\t\t\t\t<div id=\"rig-header-content-image-wrapper\">\n\t\t\t\t\t\t<div class=\"rig-header-content-image-container\">\n\t\t\t\t\t\t\t\t\t\t\t\t\t\t<img decoding=\"async\" src=\"https:\/\/rig.webennet.nl\/wp-content\/uploads\/2024\/10\/Zonder-titel-900-x-1200-px-4-1-768x1024.png\" alt=\"\" \/>\n\t\t\t\t\t\t<\/div>\n\t\t\t\t\t<\/div>\n\t\t\t\t\t<div id=\"rig-header-content-content-wrapper\">\n\t\t\t\t\t\t<div id=\"rig-header-content-breadcrumb-wrapper\">\n\t\t\t\t\t\t\t\t\t\t\t\t\t<\/div>\n\t\t\t\t\t\t<div class=\"rig-header-content-content-container\">\n\t\t\t\t\t\t\t<h1 class=\"rig-header-content-content-title\"><p>Estamos aqu\u00ed para <strong>ayudar<\/strong><\/p>\n<\/h1>\n\t\t\t\t\t\t\t<div class=\"rig-header-content-content-text\"><p>Consideramos que el conocimiento del mercado y el servicio son el n\u00facleo de nuestro negocio. Nuestro equipo est\u00e1 aqu\u00ed para asistirte con tus necesidades diarias, identificar oportunidades, superar desaf\u00edos y brindarte el servicio que mereces. Aprovechando nuestra amplia experiencia y conocimientos, estamos dedicados a guiarte a trav\u00e9s del din\u00e1mico y siempre cambiante mercado. Entendemos los desaf\u00edos \u00fanicos que enfrenta tu industria, y nuestro compromiso es proporcionar soluciones que superen tus expectativas.<\/p>\n<\/div>\n\t\t\t\t\t\t\t\t\t\t\t\t\t\t\t\t\t\t\t\t\t\n\t\t\t\t\t\t\t\n\t\t\t\t\t\t<\/div>\n\t\t\t\t\t<\/div>\n\t\t\t\t<\/div>\n\t\t\t<\/div>\n\t\t<\/div>\n\t<\/div>\n\n<\/div>\n\n\t\t\n\n<div id=\"rig-textblocks-border-top-wrapper\" class=\"image-position-right\">\n\t<img decoding=\"async\" src=\"https:\/\/rig.webennet.nl\/wp-content\/themes\/webandnet-rig\/images\/borders\/RIG - Curved top-bottom border - WEB.png\" alt=\"curved border\" \/>\n<\/div>\n\n\n<div id=\"rig-textblocks-borders-wrapper\" style=\"background: linear-gradient( to bottom, transparent 0, transparent 300px, #FAF5F0 300px, #FAF5F0 calc( 100% - 100px), transparent calc( 100% - 100px ), transparent 100% ); padding-top: 0px; padding-bottom: 0px; margin-top: -200px; margin-bottom: 100px;\">\n\n    <div class=\"container\">\n\t\t<div class=\"row\">\n\t\t\t<div class=\"col-12 col-sm-12 col-md-12 col-lg-12 col-xl-12 col-xxl-12\">\n\t\t\t\t\n\t\t\t\t<div id=\"rig-textblocks-borders-single-items-wrapper\">\t\n\t\t\t\t<div class=\"rig-textblocks-borders-single-items-image-content-container\"><div class=\"rig-textblocks-borders-single-items-content-container image-position-right\"><h2 class=\"rig-textblocks-borders-single-items-content-title\"><p><strong>Gesti\u00f3n de la Cadena de Suministro<\/strong><\/p>\n<\/h2><div class=\"rig-textblocks-borders-single-items-content-text\"><p>Con nuestra oficina central en Alkmaar, Pa&iacute;ses Bajos, y oficinas en Estados Unidos, M&eacute;xico, China, Espa&ntilde;a, Dub&aacute;i e India, combinamos una perspectiva global con un toque local. Nuestro comprometido equipo de m&aacute;s de 80 profesionales trabaja en m&aacute;s de 100 pa&iacute;ses, lo que nos permite ofrecer soluciones pr&aacute;cticas adaptadas a las necesidades locales. No importa d&oacute;nde comiencen o terminen tus productos, nuestro equipo interno de log&iacute;stica se encarga de todo, asegurando que tus productos se muevan sin problemas desde el origen hasta el destino. Nuestro departamento de transporte garantiza que todos los documentos necesarios est&eacute;n en orden, cumpliendo con todas las normas y regulaciones relevantes. Puedes contar con nosotros para disfruta una experiencia de cadena de suministro global sencilla y sin complicaciones.<\/p><\/div><\/div><div class=\"rig-textblocks-borders-single-items-image-container\"><img decoding=\"async\" src=\"https:\/\/rig.webennet.nl\/wp-content\/uploads\/2024\/10\/Ontwerp-zonder-titel-33.png\" alt=\"\" \/><\/div><\/div><div class=\"rig-textblocks-borders-single-items-image-content-container\"><div class=\"rig-textblocks-borders-single-items-image-container d-none d-md-block\"><img decoding=\"async\" src=\"https:\/\/rig.webennet.nl\/wp-content\/uploads\/2024\/10\/Ontwerp-zonder-titel-35.png\" alt=\"\" \/><\/div><div class=\"rig-textblocks-borders-single-items-content-container image-position-left\"><h2 class=\"rig-textblocks-borders-single-items-content-title\"><p>Almac\u00e9n<\/p>\n<\/h2><div class=\"rig-textblocks-borders-single-items-content-text\"><p>Con presencia global en m&aacute;s de 30 ubicaciones estrat&eacute;gicas, nuestros almacenes ofrecen beneficios incomparables para optimizar tu cadena de suministro. Disfruta de tiempos de entrega significativamente reducidos, transformando periodos de espera de semanas a solo d&iacute;as.<\/p>\n<p>Nuestras soluciones de almacenamiento son vers&aacute;tiles y se adaptan a diversas necesidades. Ya sea que necesite una sola tarima o consolidar productos de m&uacute;ltiples ubicaciones, nuestros almacenes integran a la perfecci&oacute;n varios art&iacute;culos, optimizando las operaciones y los costos de abastecimiento. No solo recibir&aacute;s entregas r&aacute;pidas, sino que tambi&eacute;n mejorar&aacute; la gesti&oacute;n del flujo de caja al evitar pagos por adelantado de contenedores. Explore la conveniencia y flexibilidad de nuestros almacenes para mejorar la eficiencia de la producci&oacute;n.<\/p><\/div><\/div><div class=\"rig-textblocks-borders-single-items-image-container d-block d-md-none\"><img decoding=\"async\" src=\"https:\/\/rig.webennet.nl\/wp-content\/uploads\/2024\/10\/Ontwerp-zonder-titel-35.png\" alt=\"\" \/><\/div><\/div><div class=\"rig-textblocks-borders-single-items-image-content-container\"><div class=\"rig-textblocks-borders-single-items-content-container image-position-right\"><h2 class=\"rig-textblocks-borders-single-items-content-title\"><p>Calidad<\/p>\n<\/h2><div class=\"rig-textblocks-borders-single-items-content-text\"><p>Nuestro compromiso con la calidad comienza con un enfoque en mantener los m&aacute;s altos est&aacute;ndares de seguridad y calidad alimentaria, junto con la selecci&oacute;n meticulosa de nuestros proveedores. Supervisamos cada aspecto de nuestra cadena de suministro, desde el abastecimiento hasta la entrega, para garantizar la integridad de nuestros productos y mantener la confianza de nuestros clientes. Damos gran importancia a la calidad y la satisfacci&oacute;n del cliente, esforz&aacute;ndonos por destacar a trav&eacute;s de nuestra dedicaci&oacute;n por la excelencia. Mediante una estricta supervisi&oacute;n y un compromiso con la mejora continua, nuestro equipo se esfuerza consistentemente por cumplir y superar tus expectativas.<\/p><\/div><\/div><div class=\"rig-textblocks-borders-single-items-image-container\"><img decoding=\"async\" src=\"https:\/\/rig.webennet.nl\/wp-content\/uploads\/2024\/11\/Ontwerp-zonder-titel-38-1.png\" alt=\"\" \/><\/div><\/div>\t\n\t\t\t\t<\/div>\n\t\t\t\t\n\t\t\t<\/div>\n\t\t<\/div>\n\t<\/div>\n<\/div>\n\n\t<div id=\"rig-textblocks-border-bottom-wrapper\">\n\t\t<img decoding=\"async\" src=\"https:\/\/rig.webennet.nl\/wp-content\/themes\/webandnet-rig\/images\/borders\/RIG - Waved bottom border - WEB.png\" alt=\"waved border\" \/>\n\t<\/div>\n\n\n\n<div id=\"rig-image-title-text-wrapper\" style=\"background-color: ; padding-top: 0px; padding-bottom: 0px; margin-top: 0px; margin-bottom: 100px;\">\n\n    <div class=\"container\">\n\t\t<div class=\"row\">\n\t\t\t<div class=\"col-12 col-sm-12 col-md-12 col-lg-12 col-xl-12 col-xxl-12\">\n\t\t\t\t\n\t\t\t\t<div id=\"rig-image-title-text-image-content-wrapper\">\n\t\t\t\t\t\n\t\t\t\t\t<div id=\"rig-image-title-text-image-wrapper\" class=\"position-right landscape d-block d-lg-none d-xl-none d-xxl-none\">\n\t\t\t\t\t\t<div class=\"rig-image-title-text-image-container\">\n\t\t\t\t\t\t\t\t\t\t\t\t\t\t<img decoding=\"async\" src=\"https:\/\/rig.webennet.nl\/wp-content\/uploads\/2024\/10\/Ontwerp-zonder-titel-20-1024x768.png\" alt=\"\" \/>\n\t\t\t\t\t\t<\/div>\n\t\t\t\t\t<\/div>\n\t\t\t\t\t\n\t\t\t\t\t\t\t\t\t\t\t<div id=\"rig-image-title-text-image-wrapper\" class=\"position-left landscape d-none d-lg-block d-xl-block d-xxl-block\">\n\t\t\t\t\t\t\t<div class=\"rig-image-title-text-image-container\">\n\t\t\t\t\t\t\t\t\t\t\t\t\t\t\t\t<img decoding=\"async\" src=\"https:\/\/rig.webennet.nl\/wp-content\/uploads\/2024\/10\/Ontwerp-zonder-titel-20-1024x768.png\" alt=\"\" \/>\n\t\t\t\t\t\t\t<\/div>\n\t\t\t\t\t\t<\/div>\n\t\t\t\t\t\n\t\t\t\t\t<div id=\"rig-image-title-text-content-wrapper\" class=\"image-position-left\"<\/div>\n\t\t\t\t\t\t<h2 class=\"rig-image-title-text-title\">C\u00f3digo de Conducta de Proveedores<\/h2>\n\t\t\t\t\t\t<div class=\"rig-image-title-text-content-container\"><p>El trato responsable de las personas, el medio ambiente y el bienestar animal es un pilar fundamental de nuestra identidad. Con este fin, Royal Ingredients asume la responsabilidad econ&oacute;mica, ecol&oacute;gica y social a lo largo de sus cadenas de suministro. Esta base est&aacute; establecida en nuestro C&oacute;digo de Conducta del Proveedor, donde definimos nuestras expectativas y requisitos obligatorios para los proveedores, proporcionando un marco para el logro colectivo de nuestros compromisos compartidos.<\/p>\n<p><a href=\"http:\/\/rig.webennet.nl\/wp-content\/uploads\/2024\/08\/250628.RIG_.ISO-22000-certificate.pdf\">Descargue nuestro C&oacute;digo de Conducta de Proveedores<\/a><\/p><\/div>\n\t\t\t\t\t<\/div>\n\n\t\t\t\t\t\t\t\t\t<\/div>\n\t\t\t\t\n\t\t\t<\/div>\n\t\t<\/div>\n\t<\/div>\n<\/div>\n\n\n\n<div id=\"rig-certifications-border-top-wrapper\">\n\t<img decoding=\"async\" src=\"https:\/\/rig.webennet.nl\/wp-content\/themes\/webandnet-rig\/images\/borders\/RIG - Certifications Top Border.png\" alt=\"border\" \/>\n<\/div>\n\n<div id=\"rig-certifications-wrapper\" style=\"background-color: #FAF5F0; padding-top: 0px; padding-bottom: 500px; margin-top: 0px; margin-bottom: -400px;\">\n\n    <div class=\"container\">\n\t\t<div class=\"row\">\n\t\t\t<div class=\"col-12 col-sm-12 col-md-12 col-lg-5 col-xl-5 col-xxl-5 off-set-lg-1 offset-xl-1 offset-xxl-1\">\n\t\t\t\t<div id=\"rig-certifications-content-wrapper\">\n\t\t\t\t\t<h2 class=\"rig-certifications-content-title\">Certificaciones<\/h2>\n\t\t\t\t\t<div class=\"rig-certifications-content-introtext\"><p>Priorizamos la calidad y el cumplimiento. Nuestras certificaciones garantizan que nuestros productos cumplan con altos est\u00e1ndares de seguridad, sostenibilidad y confiabilidad. Estas certificaciones demuestran nuestro compromiso para entregar soluciones de alta calidad en las que los clientes pueden confiar.<\/p>\n<\/div>\n\t\t\t\t<\/div>\n\t\t\t<\/div>\n\t\t<\/div>\n\t\t\n\t\t<div class=\"row\">\n\t\t\t<div class=\"col-12 col-sm-12 col-md-12 col-lg-10 col-xl-10 col-xxl-10 offset-lg-1 offset-xl-1 offset-xxl-1\">\n\t\t\t\t<div id=\"rig-certifications-certificates-wrapper\">\n\t\t\t\t\t\n\t\t\t\t\t<div id=\"rig-certifications-certificates-single-items-wrapper\">\t\n\t\t\t\t\t<div class=\"rig-certifications-certificates-single-items-container\"><div class=\"rig-certifications-certificates-single-item-image-container\"><img decoding=\"async\" src=\"https:\/\/rig.webennet.nl\/wp-content\/uploads\/2024\/11\/Logos-5.png\" alt=\"logo certification\" \/><\/div><a class=\"rig-certifications-certificates-single-item-download-url\" href=\"https:\/\/rig.webennet.nl\/wp-content\/uploads\/2024\/11\/RIG-ISO-22000-certificate.pdf\" target=\"_blank\"><\/a><\/div><div class=\"rig-certifications-certificates-single-items-container\"><div class=\"rig-certifications-certificates-single-item-image-container\"><img decoding=\"async\" src=\"https:\/\/rig.webennet.nl\/wp-content\/uploads\/2024\/11\/Logos-2-1.png\" alt=\"logo certification\" \/><\/div><a class=\"rig-certifications-certificates-single-item-download-url\" href=\"https:\/\/rig.webennet.nl\/wp-content\/uploads\/2024\/11\/RIG-ISO-9001.pdf\" target=\"_blank\"><\/a><\/div><div class=\"rig-certifications-certificates-single-items-container\"><div class=\"rig-certifications-certificates-single-item-image-container\"><img decoding=\"async\" src=\"https:\/\/rig.webennet.nl\/wp-content\/uploads\/2024\/11\/FSA-RGB.jpg\" alt=\"logo certification\" \/><\/div><a class=\"rig-certifications-certificates-single-item-download-url\" href=\"https:\/\/rig.webennet.nl\/wp-content\/uploads\/2024\/11\/RIG-GMP-B3.pdf\" target=\"_blank\"><\/a><\/div><div class=\"rig-certifications-certificates-single-items-container\"><div class=\"rig-certifications-certificates-single-item-image-container\"><img decoding=\"async\" src=\"https:\/\/rig.webennet.nl\/wp-content\/uploads\/2024\/11\/Logos-5-1.png\" alt=\"logo certification\" \/><\/div><a class=\"rig-certifications-certificates-single-item-download-url\" href=\"https:\/\/rig.webennet.nl\/wp-content\/uploads\/2024\/12\/251206.RIG_.Halal-certificate.pdf\" target=\"_blank\"><\/a><\/div><div class=\"rig-certifications-certificates-single-items-container\"><div class=\"rig-certifications-certificates-single-item-image-container\"><img decoding=\"async\" src=\"https:\/\/rig.webennet.nl\/wp-content\/uploads\/2024\/08\/RIG-Logo-Kosher-Declaration.png\" alt=\"logo certification\" \/><\/div><a class=\"rig-certifications-certificates-single-item-download-url\" href=\"https:\/\/rig.webennet.nl\/wp-content\/uploads\/2024\/12\/250731.RIG_.Kosher-certificate-STAR-K.pdf\" target=\"_blank\"><\/a><\/div><div class=\"rig-certifications-certificates-single-items-container\"><div class=\"rig-certifications-certificates-single-item-image-container\"><img decoding=\"async\" src=\"https:\/\/rig.webennet.nl\/wp-content\/uploads\/2024\/08\/RIG-Logo-SKAL.png\" alt=\"logo certification\" \/><\/div><a class=\"rig-certifications-certificates-single-item-download-url\" href=\"https:\/\/rig.webennet.nl\/wp-content\/uploads\/2025\/01\/270101.RIG_.EU-BIO-certificate-English-version.pdf\" target=\"_blank\"><\/a><\/div><div class=\"rig-certifications-certificates-single-items-container\"><div class=\"rig-certifications-certificates-single-item-image-container\"><img decoding=\"async\" src=\"https:\/\/rig.webennet.nl\/wp-content\/uploads\/2024\/08\/RIG-Logo-UDSA-Organic.png\" alt=\"logo certification\" \/><\/div><a class=\"rig-certifications-certificates-single-item-download-url\" href=\"https:\/\/rig.webennet.nl\/wp-content\/uploads\/2025\/07\/260116-NOP-USA-Certificate.pdf\" target=\"_blank\"><\/a><\/div>\t\n\t\t\t\t\t<\/div>\n\t\t\t\t\t\n\t\t\t\t<\/div>\n\t\t\t<\/div>\n\t\t<\/div>\n\t\t\n\t<\/div>\n\n<\/div>\n\n\n<p><\/p>\n","protected":false},"excerpt":{"rendered":"<p>Descubre las soluciones globales de cadena de suministro, almacenamiento y aseguramiento de calidad de Royal Ingredients. Servicio sin interrupciones desde nuestras oficinas en todo el mundo.<\/p>\n","protected":false},"author":1,"featured_media":1705,"parent":0,"menu_order":0,"comment_status":"closed","ping_status":"closed","template":"","meta":{"_acf_changed":false,"footnotes":""},"categories":[],"tags":[],"class_list":["post-1741","page","type-page","status-publish","has-post-thumbnail","hentry"],"acf":[],"yoast_head":"<!-- This site is optimized with the Yoast SEO plugin v27.1.1 - https:\/\/yoast.com\/product\/yoast-seo-wordpress\/ -->\n<title>Soluciones Globales de Cadena de Suministro | Servicios<\/title>\n<meta name=\"description\" content=\"Descubre las soluciones globales de cadena de suministro, almacenamiento y aseguramiento de calidad de Royal Ingredients. Servicio sin interrupciones desde nuestras oficinas en todo el mundo.\" \/>\n<meta name=\"robots\" content=\"index, follow, max-snippet:-1, max-image-preview:large, max-video-preview:-1\" \/>\n<link rel=\"canonical\" href=\"https:\/\/rig.webennet.nl\/es\/servicios\/\" \/>\n<meta property=\"og:locale\" content=\"es_ES\" \/>\n<meta property=\"og:type\" content=\"article\" \/>\n<meta property=\"og:title\" content=\"Soluciones Globales de Cadena de Suministro | Servicios\" \/>\n<meta property=\"og:description\" content=\"Descubre las soluciones globales de cadena de suministro, almacenamiento y aseguramiento de calidad de Royal Ingredients. Servicio sin interrupciones desde nuestras oficinas en todo el mundo.\" \/>\n<meta property=\"og:url\" content=\"https:\/\/rig.webennet.nl\/es\/servicios\/\" \/>\n<meta property=\"og:site_name\" content=\"Royal Ingredients Group B.V.\" \/>\n<meta property=\"article:modified_time\" content=\"2025-07-14T14:06:19+00:00\" \/>\n<meta property=\"og:image\" content=\"https:\/\/rig.webennet.nl\/wp-content\/uploads\/2024\/10\/Ontwerp-zonder-titel-33-1-1024x768.png\" \/>\n\t<meta property=\"og:image:width\" content=\"1024\" \/>\n\t<meta property=\"og:image:height\" content=\"768\" \/>\n\t<meta property=\"og:image:type\" content=\"image\/png\" \/>\n<meta name=\"twitter:card\" content=\"summary_large_image\" \/>\n<meta name=\"twitter:label1\" content=\"Tiempo de lectura\" \/>\n\t<meta name=\"twitter:data1\" content=\"1 minuto\" \/>\n<script type=\"application\/ld+json\" class=\"yoast-schema-graph\">{\"@context\":\"https:\/\/schema.org\",\"@graph\":[{\"@type\":\"WebPage\",\"@id\":\"https:\/\/rig.webennet.nl\/es\/servicios\/\",\"url\":\"https:\/\/rig.webennet.nl\/es\/servicios\/\",\"name\":\"Soluciones Globales de Cadena de Suministro | Servicios\",\"isPartOf\":{\"@id\":\"https:\/\/rig.webennet.nl\/es\/#website\"},\"primaryImageOfPage\":{\"@id\":\"https:\/\/rig.webennet.nl\/es\/servicios\/#primaryimage\"},\"image\":{\"@id\":\"https:\/\/rig.webennet.nl\/es\/servicios\/#primaryimage\"},\"thumbnailUrl\":\"https:\/\/rig.webennet.nl\/wp-content\/uploads\/2024\/10\/Ontwerp-zonder-titel-33-1.png\",\"datePublished\":\"2024-08-06T06:31:54+00:00\",\"dateModified\":\"2025-07-14T14:06:19+00:00\",\"description\":\"Descubre las soluciones globales de cadena de suministro, almacenamiento y aseguramiento de calidad de Royal Ingredients. Servicio sin interrupciones desde nuestras oficinas en todo el mundo.\",\"breadcrumb\":{\"@id\":\"https:\/\/rig.webennet.nl\/es\/servicios\/#breadcrumb\"},\"inLanguage\":\"es\",\"potentialAction\":[{\"@type\":\"ReadAction\",\"target\":[\"https:\/\/rig.webennet.nl\/es\/servicios\/\"]}]},{\"@type\":\"ImageObject\",\"inLanguage\":\"es\",\"@id\":\"https:\/\/rig.webennet.nl\/es\/servicios\/#primaryimage\",\"url\":\"https:\/\/rig.webennet.nl\/wp-content\/uploads\/2024\/10\/Ontwerp-zonder-titel-33-1.png\",\"contentUrl\":\"https:\/\/rig.webennet.nl\/wp-content\/uploads\/2024\/10\/Ontwerp-zonder-titel-33-1.png\",\"width\":1200,\"height\":900},{\"@type\":\"BreadcrumbList\",\"@id\":\"https:\/\/rig.webennet.nl\/es\/servicios\/#breadcrumb\",\"itemListElement\":[{\"@type\":\"ListItem\",\"position\":1,\"name\":\"Home\",\"item\":\"https:\/\/rig.webennet.nl\/es\/\"},{\"@type\":\"ListItem\",\"position\":2,\"name\":\"...\"}]},{\"@type\":\"WebSite\",\"@id\":\"https:\/\/rig.webennet.nl\/es\/#website\",\"url\":\"https:\/\/rig.webennet.nl\/es\/\",\"name\":\"Royal Ingredients Group B.V.\",\"description\":\"\",\"potentialAction\":[{\"@type\":\"SearchAction\",\"target\":{\"@type\":\"EntryPoint\",\"urlTemplate\":\"https:\/\/rig.webennet.nl\/es\/?s={search_term_string}\"},\"query-input\":{\"@type\":\"PropertyValueSpecification\",\"valueRequired\":true,\"valueName\":\"search_term_string\"}}],\"inLanguage\":\"es\"}]}<\/script>\n<!-- \/ Yoast SEO plugin. -->","yoast_head_json":{"title":"Soluciones Globales de Cadena de Suministro | Servicios","description":"Descubre las soluciones globales de cadena de suministro, almacenamiento y aseguramiento de calidad de Royal Ingredients. Servicio sin interrupciones desde nuestras oficinas en todo el mundo.","robots":{"index":"index","follow":"follow","max-snippet":"max-snippet:-1","max-image-preview":"max-image-preview:large","max-video-preview":"max-video-preview:-1"},"canonical":"https:\/\/rig.webennet.nl\/es\/servicios\/","og_locale":"es_ES","og_type":"article","og_title":"Soluciones Globales de Cadena de Suministro | Servicios","og_description":"Descubre las soluciones globales de cadena de suministro, almacenamiento y aseguramiento de calidad de Royal Ingredients. Servicio sin interrupciones desde nuestras oficinas en todo el mundo.","og_url":"https:\/\/rig.webennet.nl\/es\/servicios\/","og_site_name":"Royal Ingredients Group B.V.","article_modified_time":"2025-07-14T14:06:19+00:00","og_image":[{"width":1024,"height":768,"url":"https:\/\/rig.webennet.nl\/wp-content\/uploads\/2024\/10\/Ontwerp-zonder-titel-33-1-1024x768.png","type":"image\/png"}],"twitter_card":"summary_large_image","twitter_misc":{"Tiempo de lectura":"1 minuto"},"schema":{"@context":"https:\/\/schema.org","@graph":[{"@type":"WebPage","@id":"https:\/\/rig.webennet.nl\/es\/servicios\/","url":"https:\/\/rig.webennet.nl\/es\/servicios\/","name":"Soluciones Globales de Cadena de Suministro | Servicios","isPartOf":{"@id":"https:\/\/rig.webennet.nl\/es\/#website"},"primaryImageOfPage":{"@id":"https:\/\/rig.webennet.nl\/es\/servicios\/#primaryimage"},"image":{"@id":"https:\/\/rig.webennet.nl\/es\/servicios\/#primaryimage"},"thumbnailUrl":"https:\/\/rig.webennet.nl\/wp-content\/uploads\/2024\/10\/Ontwerp-zonder-titel-33-1.png","datePublished":"2024-08-06T06:31:54+00:00","dateModified":"2025-07-14T14:06:19+00:00","description":"Descubre las soluciones globales de cadena de suministro, almacenamiento y aseguramiento de calidad de Royal Ingredients. Servicio sin interrupciones desde nuestras oficinas en todo el mundo.","breadcrumb":{"@id":"https:\/\/rig.webennet.nl\/es\/servicios\/#breadcrumb"},"inLanguage":"es","potentialAction":[{"@type":"ReadAction","target":["https:\/\/rig.webennet.nl\/es\/servicios\/"]}]},{"@type":"ImageObject","inLanguage":"es","@id":"https:\/\/rig.webennet.nl\/es\/servicios\/#primaryimage","url":"https:\/\/rig.webennet.nl\/wp-content\/uploads\/2024\/10\/Ontwerp-zonder-titel-33-1.png","contentUrl":"https:\/\/rig.webennet.nl\/wp-content\/uploads\/2024\/10\/Ontwerp-zonder-titel-33-1.png","width":1200,"height":900},{"@type":"BreadcrumbList","@id":"https:\/\/rig.webennet.nl\/es\/servicios\/#breadcrumb","itemListElement":[{"@type":"ListItem","position":1,"name":"Home","item":"https:\/\/rig.webennet.nl\/es\/"},{"@type":"ListItem","position":2,"name":"..."}]},{"@type":"WebSite","@id":"https:\/\/rig.webennet.nl\/es\/#website","url":"https:\/\/rig.webennet.nl\/es\/","name":"Royal Ingredients Group B.V.","description":"","potentialAction":[{"@type":"SearchAction","target":{"@type":"EntryPoint","urlTemplate":"https:\/\/rig.webennet.nl\/es\/?s={search_term_string}"},"query-input":{"@type":"PropertyValueSpecification","valueRequired":true,"valueName":"search_term_string"}}],"inLanguage":"es"}]}},"_links":{"self":[{"href":"https:\/\/rig.webennet.nl\/es\/wp-json\/wp\/v2\/pages\/1741","targetHints":{"allow":["GET"]}}],"collection":[{"href":"https:\/\/rig.webennet.nl\/es\/wp-json\/wp\/v2\/pages"}],"about":[{"href":"https:\/\/rig.webennet.nl\/es\/wp-json\/wp\/v2\/types\/page"}],"author":[{"embeddable":true,"href":"https:\/\/rig.webennet.nl\/es\/wp-json\/wp\/v2\/users\/1"}],"replies":[{"embeddable":true,"href":"https:\/\/rig.webennet.nl\/es\/wp-json\/wp\/v2\/comments?post=1741"}],"version-history":[{"count":6,"href":"https:\/\/rig.webennet.nl\/es\/wp-json\/wp\/v2\/pages\/1741\/revisions"}],"predecessor-version":[{"id":2717,"href":"https:\/\/rig.webennet.nl\/es\/wp-json\/wp\/v2\/pages\/1741\/revisions\/2717"}],"wp:featuredmedia":[{"embeddable":true,"href":"https:\/\/rig.webennet.nl\/es\/wp-json\/wp\/v2\/media\/1705"}],"wp:attachment":[{"href":"https:\/\/rig.webennet.nl\/es\/wp-json\/wp\/v2\/media?parent=1741"}],"wp:term":[{"taxonomy":"category","embeddable":true,"href":"https:\/\/rig.webennet.nl\/es\/wp-json\/wp\/v2\/categories?post=1741"},{"taxonomy":"post_tag","embeddable":true,"href":"https:\/\/rig.webennet.nl\/es\/wp-json\/wp\/v2\/tags?post=1741"}],"curies":[{"name":"wp","href":"https:\/\/api.w.org\/{rel}","templated":true}]}}