{"id":1818,"date":"2024-08-06T06:48:26","date_gmt":"2024-08-06T06:48:26","guid":{"rendered":"https:\/\/rig.webennet.nl\/careers\/"},"modified":"2026-02-23T13:18:34","modified_gmt":"2026-02-23T13:18:34","slug":"carreras","status":"publish","type":"page","link":"https:\/\/rig.webennet.nl\/es\/carreras\/","title":{"rendered":"Carreras"},"content":{"rendered":"\n\n<div id=\"rig-header-wrapper\" style=\"padding-top: 0px; padding-bottom: px; margin-top: 0px; margin-bottom: -100px;\">\n\n    <div class=\"container\">\n\t\t<div class=\"row\">\n\t\t\t<div class=\"col-12 col-sm-12 col-md-12 col-lg-12 col-xl-12 col-xxl-12\">\n\t\t\t\t<div id=\"rig-header-content-wrapper\">\n\t\t\t\t\t<div id=\"rig-header-content-image-wrapper\">\n\t\t\t\t\t\t<div class=\"rig-header-content-image-container\">\n\t\t\t\t\t\t\t\t\t\t\t\t\t\t<img decoding=\"async\" src=\"https:\/\/rig.webennet.nl\/wp-content\/uploads\/2024\/10\/Zonder-titel-900-x-1200-px-13-768x1024.png\" alt=\"\" \/>\n\t\t\t\t\t\t<\/div>\n\t\t\t\t\t<\/div>\n\t\t\t\t\t<div id=\"rig-header-content-content-wrapper\">\n\t\t\t\t\t\t<div id=\"rig-header-content-breadcrumb-wrapper\">\n\t\t\t\t\t\t\t\t\t\t\t\t\t<\/div>\n\t\t\t\t\t\t<div class=\"rig-header-content-content-container\">\n\t\t\t\t\t\t\t<h1 class=\"rig-header-content-content-title\"><p><strong>Carreras<\/strong><\/p>\n<\/h1>\n\t\t\t\t\t\t\t<div class=\"rig-header-content-content-text\"><p>Nuestro equipo es la fuerza motriz detr\u00e1s de nuestro \u00e9xito. Te desafiamos a sacar lo mejor de ti y a forjar tu camino hacia el \u00e9xito.<br \/>Nuestra cultura corporativa busca el equilibrio entre un ambiente relajado cuando es posible y mantener un alto nivel de profesionalismo cuando es necesario. Trabajando en un entorno de oficina abierta, priorizamos una comunicaci\u00f3n breve y directa en todos los departamentos.<\/p>\n<p><\/p>\n<\/div>\n\t\t\t\t\t\t\t\t\t\t\t\t\t\t\t\t\t\t\t\t\t\n\t\t\t\t\t\t\t\n\t\t\t\t\t\t<\/div>\n\t\t\t\t\t<\/div>\n\t\t\t\t<\/div>\n\t\t\t<\/div>\n\t\t<\/div>\n\t<\/div>\n\n<\/div>\n\n\t<div id=\"rig-vacancies-overview-curved-border-top-wrapper\">\n\t\t<img decoding=\"async\" src=\"https:\/\/rig.webennet.nl\/wp-content\/themes\/webandnet-rig\/images\/borders\/RIG - Curved top-bottom border - WEB.png\" alt=\"curved border\" \/>\n\t<\/div>\n\n<div id=\"rig-vacancies-overview-wrapper\" style=\"background-color: #FAF5F0; padding-top: 0px; padding-bottom: 0px; margin-top: 0px; margin-bottom: 0px;\">\n\t\n    <div class=\"container\">\n\t\t<div class=\"row\">\n\t\t\t<div class=\"col-12 col-sm-12 col-md-12 col-lg-12 col-xl-12 col-xxl-12\">\n\t\t\t\t<div id=\"rig-vacancies-overview-intro-wrapper\">\n\t\t\t\t\t<h2 class=\"rig-vacancies-overview-title\">\u00fanete a nosotros!<\/h2>\n\t\t\t\t\t<div class=\"rig-vacancies-overview-intro-content-container\">\n\t\t\t\t\t\t<div class=\"rig-vacancies-overview-intro-content left\">\n\t\t\t\t\t\t\t<p>Siempre estamos buscando personas con las habilidades adecuadas y pasi\u00f3n. Si eres autodirigido y disfrutas ser parte de un equipo internacional de profesionales, est\u00e1s en el lugar correcto. Nuestro equipo est\u00e1 compuesto por m\u00e1s de 80 profesionales comprometidos, operando de manera independiente bajo el paraguas del <a href=\"https:\/\/www.cefetra.com\/working-at-cefetra\/\">Grupo Cefetra<\/a> con sede en R\u00f3terdam.<\/p>\n\t\t\t\t\t\t<\/div>\n\t\t\t\t\t\t<div class=\"rig-vacancies-overview-intro-content right\">\n\t\t\t\t\t\t\t<p>\u00bfInteresado en unirte a nosotros en el departamento comercial, log\u00edstica, calidad o finanzas? Revisa nuestras vacantes. \u00a1Estamos emocionados ante la posibilidad de que te unas a nuestro equipo!<\/p>\n\t\t\t\t\t\t<\/div>\n\t\t\t\t\t<\/div>\n\t\t\t\t<\/div>\n\t\t\t<\/div>\n\t\t<\/div>\n\t\t<div class=\"row\">\n\t\t\t<div class=\"col-12 col-sm-12 col-md-12 col-lg-12 col-xl-12 col-xxl-12\">\n\t\t\t\t<div id=\"rig-vacancies-overview-content-wrapper\">\n\t\t\t\t\t<div class=\"rig-vacancies-overview-content-container\"><div class=\"rig-vacancies-overview-content-single-item-container\"><a href=\"https:\/\/career.cefetra.com\/vacancies\/senior-qa-officer\/\" target=\"_blank\"><div class=\"rig-vacancies-overview-content-single-item-location\">Alkmaar<\/div><h3 class=\"rig-vacancies-overview-content-single-item-title\">responsable principal de calidad<\/h3><div class=\"rig-vacancies-overview-content-single-item-introtext\">\u00bfEres un profesional orientado a la calidad con pasi\u00f3n por la seguridad alimentaria? \u00a1\u00danete a nosotros como nuestro nuevo Oficial Senior de Calidad en Alkmaar y marca la diferencia en un entorno internacional!<\/div><div class=\"rig-vacancies-overview-content-single-item-date-duration-container\"><div class=\"rig-vacancies-overview-content-single-item-date-duration\">13\/05\/2025 &#8211; Full-Time<\/div><\/div><\/a><\/div><div class=\"rig-vacancies-overview-content-single-item-container\"><a href=\"https:\/\/career.cefetra.com\/vacancies\/compliance-specialist-belasting-specialist\/\" target=\"_blank\"><div class=\"rig-vacancies-overview-content-single-item-location\">Alkmaar<\/div><h3 class=\"rig-vacancies-overview-content-single-item-title\">Especialista en Cumplimiento \/ Especialista en Belasting<\/h3><div class=\"rig-vacancies-overview-content-single-item-introtext\">\u00bfTiene experiencia con el IVA en varios pa\u00edses? \u00bfPrefiere trabajar con precisi\u00f3n y eficacia para identificar problemas fiscales? Entonces le estamos buscando.<\/div><div class=\"rig-vacancies-overview-content-single-item-date-duration-container\"><div class=\"rig-vacancies-overview-content-single-item-date-duration\">27\/05\/2025 &#8211; Part-time<\/div><\/div><\/a><\/div><\/div>\t\n\t\t\t\t<\/div>\n\t\t\t<\/div>\n\t\t<\/div>\n\t<\/div>\n\n<\/div>\n<div id=\"separator-wrapper\">\n\t<div class=\"container\">\n\t\t<div class=\"row\">\n\t\t\t<div class=\"col-12 col-sm-12 col-md-12 col-lg-12 col-xl-12 col-xxl-12\">\n\t\t\t\t<div class=\"separator-container\"><\/div>\n\t\t\t<\/div>\n\t\t<\/div>\n\t<\/div>\n<\/div>\n\n\n\n\n\n<script>\n\t\n\tjQuery(document).ready(function($) {\n\t\tvar distandeFromSide = $('h2.rig-employee-stories-title').offset().left;\n\t\tconsole.log(distandeFromSide);\n\t\t$('#rig-employee-stories-all-stories-wrapper').css({'padding-left' : distandeFromSide + 'px', 'padding-right' : distandeFromSide + 'px'});\n\t\t\n\t\t$(function() {\n\t\t\t$('#rig-employee-stories-all-stories-wrapper').dragscroll();\n\t\t});\n\t\t\n\t\t\n\t\t$('#rig-employee-stories-all-stories-wrapper').mousedown(function (event) {\n\t\t\t$(this)\n\t\t\t  .data('down', true)\n\t\t\t  .data('x', event.clientX)\n\t\t\t  .data('scrollLeft', this.scrollLeft)\n\t\t\t  .addClass(\"dragging\");\n\n\t\t\treturn false;\n\t\t}).mouseup(function (event) {\n\t\t\t$(this)\n\t\t\t .data('down', false)\n\t\t\t .removeClass(\"dragging\");\n\t\t}).mousemove(function (event) {\n\t\t\tif ($(this).data('down') == true) {\n\t\t\t  this.scrollLeft = $(this).data('scrollLeft') + $(this).data('x') - event.clientX;\n\t\t\t}\n\t\t}).mousewheel(function (event, delta) {\n\t\t\tthis.scrollLeft -= (delta * 30);\n\t\t}).css({\n\t\t\t'overflow' : 'hidden',\n\t\t\t'cursor' : '-moz-grab'\n\t\t});\n\t\t$(window).mouseout(function (event) {\n\t\tif ($('.team-form-data').data('down')) {\n\t\t  try {\n\t\t\t  if (event.originalTarget.nodeName == 'BODY' || event.originalTarget.nodeName == 'HTML') {\n\t\t\t\t  $('.team-form-data').data('down', false);\n\t\t\t  }\n\t\t  } catch (e) {}\n\t\t}\n\t\t});\n\n   }); \n<\/script>\n\n<div id=\"rig-employee-stories-wrapper\" style=\"background-color: #FAF5F0; padding-top: 70px; padding-bottom: 400px; margin-top: 0px; margin-bottom: -240px;\">\n\n    <div class=\"container\">\n\t\t<div class=\"row\">\n\t\t\t<div class=\"col-12 col-sm-12 col-md-12 col-lg-12 col-xl-12 col-xxl-12\">\n\t\t\t\t<h2 class=\"rig-employee-stories-title\">Historias de empleados<\/h2>\n\t\t\t<\/div>\n\t\t<\/div>\n\t<\/div>\n\n\t\t\n\t\t<div id=\"rig-employee-stories-all-stories-wrapper\">\n\t\t\t\t\t\t\t<div class=\"rig-employee-stories-all-stories-single-story-container\">\n\t\t\t\t\t<div class=\"rig-employee-stories-all-stories-single-story-image-container\">\n\t\t\t\t\t\t\t\t\t\t\t\t<a href=\"https:\/\/rig.webennet.nl\/es\/careers\/women-royal-ingredients\/\">\n\t\t\t\t\t\t\t<img decoding=\"async\" src=\"https:\/\/rig.webennet.nl\/wp-content\/uploads\/2026\/03\/Excerpt-website-image-blogs.png\" class=\"rig-employee-stories-all-stories-single-story-image\" alt=\"\" \/>\n\t\t\t\t\t\t<\/a>\n\t\t\t\t\t<\/div>\n\t\t\t\t\t<div class=\"rig-employee-stories-all-stories-single-story-content-container\">\n\t\t\t\t\t\t<a href=\"https:\/\/rig.webennet.nl\/es\/careers\/women-royal-ingredients\/\">\n\t\t\t\t\t\t\t<h3 class=\"rig-employee-stories-all-stories-single-story-title\">Women at Royal Ingredients share their perspectives<\/h3>\n\t\t\t\t\t\t<\/a>\n\t\t\t\t\t\t<div class=\"rig-employee-stories-all-stories-single-story-function\"><\/div>\n\t\t\t\t\t\t<div class=\"rig-employee-stories-all-stories-single-story-content\">Women at Royal Ingredients share their perspectives on leadership, ownership and collaboration in an international ingredients business.<\/div>\n\n\t\t\t\t\t\t<div id=\"rig-title-text-readmore-button-wrapper\">\t\t\t\t\t\t\t\t\n\t\t\t\t\t\t\t<div class=\"rig-title-text-readmore-button-container\">\n\t\t\t\t\t\t\t\t<a class=\"rig-title-text-readmore-button-button\" href=\"https:\/\/rig.webennet.nl\/es\/careers\/women-royal-ingredients\/\" target=\"_self\">Read more<\/a>\n\t\t\t\t\t\t\t<\/div>\n\t\t\t\t\t\t<\/div>\n\n\t\t\t\t\t<\/div>\n\t\t\t\t<\/div>\n\t\t\t\t\t\t\t<div class=\"rig-employee-stories-all-stories-single-story-container\">\n\t\t\t\t\t<div class=\"rig-employee-stories-all-stories-single-story-image-container\">\n\t\t\t\t\t\t\t\t\t\t\t\t<a href=\"https:\/\/rig.webennet.nl\/es\/carreras\/mike-paarlberg-royal-ingredients\/\">\n\t\t\t\t\t\t\t<img decoding=\"async\" src=\"https:\/\/rig.webennet.nl\/wp-content\/uploads\/2025\/11\/Excerpt-website-image-blogs-4.png\" class=\"rig-employee-stories-all-stories-single-story-image\" alt=\"\" \/>\n\t\t\t\t\t\t<\/a>\n\t\t\t\t\t<\/div>\n\t\t\t\t\t<div class=\"rig-employee-stories-all-stories-single-story-content-container\">\n\t\t\t\t\t\t<a href=\"https:\/\/rig.webennet.nl\/es\/carreras\/mike-paarlberg-royal-ingredients\/\">\n\t\t\t\t\t\t\t<h3 class=\"rig-employee-stories-all-stories-single-story-title\">Creciendo con confianza y trabajo en equipo<\/h3>\n\t\t\t\t\t\t<\/a>\n\t\t\t\t\t\t<div class=\"rig-employee-stories-all-stories-single-story-function\"><\/div>\n\t\t\t\t\t\t<div class=\"rig-employee-stories-all-stories-single-story-content\">El Gerente de Ventas para Am\u00e9rica Latina, Mike Paarlberg, comparte c\u00f3mo la confianza, el trabajo en equipo y la colaboraci\u00f3n internacional dan forma a su rol en Royal Ingredients.\n<\/div>\n\n\t\t\t\t\t\t<div id=\"rig-title-text-readmore-button-wrapper\">\t\t\t\t\t\t\t\t\n\t\t\t\t\t\t\t<div class=\"rig-title-text-readmore-button-container\">\n\t\t\t\t\t\t\t\t<a class=\"rig-title-text-readmore-button-button\" href=\"https:\/\/rig.webennet.nl\/es\/carreras\/mike-paarlberg-royal-ingredients\/\" target=\"_self\">Read more<\/a>\n\t\t\t\t\t\t\t<\/div>\n\t\t\t\t\t\t<\/div>\n\n\t\t\t\t\t<\/div>\n\t\t\t\t<\/div>\n\t\t\t\t\t\t\t<div class=\"rig-employee-stories-all-stories-single-story-container\">\n\t\t\t\t\t<div class=\"rig-employee-stories-all-stories-single-story-image-container\">\n\t\t\t\t\t\t\t\t\t\t\t\t<a href=\"https:\/\/rig.webennet.nl\/es\/carreras\/emmanuel-viaje-america-del-sur\/\">\n\t\t\t\t\t\t\t<img decoding=\"async\" src=\"https:\/\/rig.webennet.nl\/wp-content\/uploads\/2025\/10\/Emmanuel.png\" class=\"rig-employee-stories-all-stories-single-story-image\" alt=\"\" \/>\n\t\t\t\t\t\t<\/a>\n\t\t\t\t\t<\/div>\n\t\t\t\t\t<div class=\"rig-employee-stories-all-stories-single-story-content-container\">\n\t\t\t\t\t\t<a href=\"https:\/\/rig.webennet.nl\/es\/carreras\/emmanuel-viaje-america-del-sur\/\">\n\t\t\t\t\t\t\t<h3 class=\"rig-employee-stories-all-stories-single-story-title\">Un rol que nunca se detiene<\/h3>\n\t\t\t\t\t\t<\/a>\n\t\t\t\t\t\t<div class=\"rig-employee-stories-all-stories-single-story-function\"><\/div>\n\t\t\t\t\t\t<div class=\"rig-employee-stories-all-stories-single-story-content\">Emmanuel comparte su experiencia visitando productores de ch\u00eda y quinua org\u00e1nica en Sudam\u00e9rica para la planificaci\u00f3n de la pr\u00f3xima cosecha.<\/div>\n\n\t\t\t\t\t\t<div id=\"rig-title-text-readmore-button-wrapper\">\t\t\t\t\t\t\t\t\n\t\t\t\t\t\t\t<div class=\"rig-title-text-readmore-button-container\">\n\t\t\t\t\t\t\t\t<a class=\"rig-title-text-readmore-button-button\" href=\"https:\/\/rig.webennet.nl\/es\/carreras\/emmanuel-viaje-america-del-sur\/\" target=\"_self\">Read more<\/a>\n\t\t\t\t\t\t\t<\/div>\n\t\t\t\t\t\t<\/div>\n\n\t\t\t\t\t<\/div>\n\t\t\t\t<\/div>\n\t\t\t\t\t\t\t<div class=\"rig-employee-stories-all-stories-single-story-container\">\n\t\t\t\t\t<div class=\"rig-employee-stories-all-stories-single-story-image-container\">\n\t\t\t\t\t\t\t\t\t\t\t\t<a href=\"https:\/\/rig.webennet.nl\/es\/carreras\/mariella-quality-journey\/\">\n\t\t\t\t\t\t\t<img decoding=\"async\" src=\"https:\/\/rig.webennet.nl\/wp-content\/uploads\/2025\/11\/Mariella.png\" class=\"rig-employee-stories-all-stories-single-story-image\" alt=\"\" \/>\n\t\t\t\t\t\t<\/a>\n\t\t\t\t\t<\/div>\n\t\t\t\t\t<div class=\"rig-employee-stories-all-stories-single-story-content-container\">\n\t\t\t\t\t\t<a href=\"https:\/\/rig.webennet.nl\/es\/carreras\/mariella-quality-journey\/\">\n\t\t\t\t\t\t\t<h3 class=\"rig-employee-stories-all-stories-single-story-title\">El recorrido de Mariella en calidad y liderazgo<\/h3>\n\t\t\t\t\t\t<\/a>\n\t\t\t\t\t\t<div class=\"rig-employee-stories-all-stories-single-story-function\">Quality Manager<\/div>\n\t\t\t\t\t\t<div class=\"rig-employee-stories-all-stories-single-story-content\">Mariella comparte c\u00f3mo pas\u00f3 de Quality Officer a Quality Manager, equilibrando liderazgo, trabajo en equipo y una pasi\u00f3n por la excelencia.\n<\/div>\n\n\t\t\t\t\t\t<div id=\"rig-title-text-readmore-button-wrapper\">\t\t\t\t\t\t\t\t\n\t\t\t\t\t\t\t<div class=\"rig-title-text-readmore-button-container\">\n\t\t\t\t\t\t\t\t<a class=\"rig-title-text-readmore-button-button\" href=\"https:\/\/rig.webennet.nl\/es\/carreras\/mariella-quality-journey\/\" target=\"_self\">Read more<\/a>\n\t\t\t\t\t\t\t<\/div>\n\t\t\t\t\t\t<\/div>\n\n\t\t\t\t\t<\/div>\n\t\t\t\t<\/div>\n\t\t\t\t\t\t\t<div class=\"rig-employee-stories-all-stories-single-story-container\">\n\t\t\t\t\t<div class=\"rig-employee-stories-all-stories-single-story-image-container\">\n\t\t\t\t\t\t\t\t\t\t\t\t<a href=\"https:\/\/rig.webennet.nl\/es\/carreras\/diez-anos-marco-weel\/\">\n\t\t\t\t\t\t\t<img decoding=\"async\" src=\"https:\/\/rig.webennet.nl\/wp-content\/uploads\/2025\/10\/Marco-Weel.png\" class=\"rig-employee-stories-all-stories-single-story-image\" alt=\"\" \/>\n\t\t\t\t\t\t<\/a>\n\t\t\t\t\t<\/div>\n\t\t\t\t\t<div class=\"rig-employee-stories-all-stories-single-story-content-container\">\n\t\t\t\t\t\t<a href=\"https:\/\/rig.webennet.nl\/es\/carreras\/diez-anos-marco-weel\/\">\n\t\t\t\t\t\t\t<h3 class=\"rig-employee-stories-all-stories-single-story-title\">Marco Weel reflexiona sobre diez a\u00f1os en Royal<\/h3>\n\t\t\t\t\t\t<\/a>\n\t\t\t\t\t\t<div class=\"rig-employee-stories-all-stories-single-story-function\"><\/div>\n\t\t\t\t\t\t<div class=\"rig-employee-stories-all-stories-single-story-content\">El controller financiero Marco Weel comparte c\u00f3mo la confianza, el trabajo en equipo y la curiosidad dieron forma a su trayectoria de diez a\u00f1os en Royal Ingredients.<\/div>\n\n\t\t\t\t\t\t<div id=\"rig-title-text-readmore-button-wrapper\">\t\t\t\t\t\t\t\t\n\t\t\t\t\t\t\t<div class=\"rig-title-text-readmore-button-container\">\n\t\t\t\t\t\t\t\t<a class=\"rig-title-text-readmore-button-button\" href=\"https:\/\/rig.webennet.nl\/es\/carreras\/diez-anos-marco-weel\/\" target=\"_self\">Read more<\/a>\n\t\t\t\t\t\t\t<\/div>\n\t\t\t\t\t\t<\/div>\n\n\t\t\t\t\t<\/div>\n\t\t\t\t<\/div>\n\t\t\t\t\t<\/div>\n\t\t\t\n<\/div>","protected":false},"excerpt":{"rendered":"<p>Explora las oportunidades profesionales en Royal Ingredients. \u00danete a nuestro equipo internacional de m\u00e1s de 80 profesionales en comercio, log\u00edstica, calidad y finanzas. \u00a1Post\u00falate hoy!<\/p>\n","protected":false},"author":1,"featured_media":1823,"parent":0,"menu_order":0,"comment_status":"closed","ping_status":"closed","template":"","meta":{"_acf_changed":false,"footnotes":""},"categories":[],"tags":[],"class_list":["post-1818","page","type-page","status-publish","has-post-thumbnail","hentry"],"acf":[],"yoast_head":"<!-- This site is optimized with the Yoast SEO plugin v27.1.1 - https:\/\/yoast.com\/product\/yoast-seo-wordpress\/ -->\n<title>Carreras | \u00danete a nuestro equipo internacional<\/title>\n<meta name=\"description\" content=\"Explora las oportunidades profesionales en Royal Ingredients. \u00danete a nuestro equipo internacional de m\u00e1s de 80 profesionales en comercio, log\u00edstica, calidad y finanzas. \u00a1Post\u00falate hoy!\" \/>\n<meta name=\"robots\" content=\"index, follow, max-snippet:-1, max-image-preview:large, max-video-preview:-1\" \/>\n<link rel=\"canonical\" href=\"https:\/\/rig.webennet.nl\/es\/carreras\/\" \/>\n<meta property=\"og:locale\" content=\"es_ES\" \/>\n<meta property=\"og:type\" content=\"article\" \/>\n<meta property=\"og:title\" content=\"Carreras | \u00danete a nuestro equipo internacional\" \/>\n<meta property=\"og:description\" content=\"Explora las oportunidades profesionales en Royal Ingredients. \u00danete a nuestro equipo internacional de m\u00e1s de 80 profesionales en comercio, log\u00edstica, calidad y finanzas. \u00a1Post\u00falate hoy!\" \/>\n<meta property=\"og:url\" content=\"https:\/\/rig.webennet.nl\/es\/carreras\/\" \/>\n<meta property=\"og:site_name\" content=\"Royal Ingredients Group B.V.\" \/>\n<meta property=\"article:modified_time\" content=\"2026-02-23T13:18:34+00:00\" \/>\n<meta property=\"og:image\" content=\"https:\/\/rig.webennet.nl\/wp-content\/uploads\/2024\/10\/Zonder-titel-900-x-1200-px-13.png\" \/>\n\t<meta property=\"og:image:width\" content=\"900\" \/>\n\t<meta property=\"og:image:height\" content=\"1200\" \/>\n\t<meta property=\"og:image:type\" content=\"image\/png\" \/>\n<meta name=\"twitter:card\" content=\"summary_large_image\" \/>\n<meta name=\"twitter:label1\" content=\"Tiempo de lectura\" \/>\n\t<meta name=\"twitter:data1\" content=\"1 minuto\" \/>\n<script type=\"application\/ld+json\" class=\"yoast-schema-graph\">{\"@context\":\"https:\/\/schema.org\",\"@graph\":[{\"@type\":\"WebPage\",\"@id\":\"https:\/\/rig.webennet.nl\/es\/carreras\/\",\"url\":\"https:\/\/rig.webennet.nl\/es\/carreras\/\",\"name\":\"Carreras | \u00danete a nuestro equipo internacional\",\"isPartOf\":{\"@id\":\"https:\/\/rig.webennet.nl\/es\/#website\"},\"primaryImageOfPage\":{\"@id\":\"https:\/\/rig.webennet.nl\/es\/carreras\/#primaryimage\"},\"image\":{\"@id\":\"https:\/\/rig.webennet.nl\/es\/carreras\/#primaryimage\"},\"thumbnailUrl\":\"https:\/\/rig.webennet.nl\/wp-content\/uploads\/2024\/10\/Zonder-titel-900-x-1200-px-13.png\",\"datePublished\":\"2024-08-06T06:48:26+00:00\",\"dateModified\":\"2026-02-23T13:18:34+00:00\",\"description\":\"Explora las oportunidades profesionales en Royal Ingredients. \u00danete a nuestro equipo internacional de m\u00e1s de 80 profesionales en comercio, log\u00edstica, calidad y finanzas. \u00a1Post\u00falate hoy!\",\"breadcrumb\":{\"@id\":\"https:\/\/rig.webennet.nl\/es\/carreras\/#breadcrumb\"},\"inLanguage\":\"es\",\"potentialAction\":[{\"@type\":\"ReadAction\",\"target\":[\"https:\/\/rig.webennet.nl\/es\/carreras\/\"]}]},{\"@type\":\"ImageObject\",\"inLanguage\":\"es\",\"@id\":\"https:\/\/rig.webennet.nl\/es\/carreras\/#primaryimage\",\"url\":\"https:\/\/rig.webennet.nl\/wp-content\/uploads\/2024\/10\/Zonder-titel-900-x-1200-px-13.png\",\"contentUrl\":\"https:\/\/rig.webennet.nl\/wp-content\/uploads\/2024\/10\/Zonder-titel-900-x-1200-px-13.png\",\"width\":900,\"height\":1200},{\"@type\":\"BreadcrumbList\",\"@id\":\"https:\/\/rig.webennet.nl\/es\/carreras\/#breadcrumb\",\"itemListElement\":[{\"@type\":\"ListItem\",\"position\":1,\"name\":\"Home\",\"item\":\"https:\/\/rig.webennet.nl\/es\/\"},{\"@type\":\"ListItem\",\"position\":2,\"name\":\"...\"}]},{\"@type\":\"WebSite\",\"@id\":\"https:\/\/rig.webennet.nl\/es\/#website\",\"url\":\"https:\/\/rig.webennet.nl\/es\/\",\"name\":\"Royal Ingredients Group B.V.\",\"description\":\"\",\"potentialAction\":[{\"@type\":\"SearchAction\",\"target\":{\"@type\":\"EntryPoint\",\"urlTemplate\":\"https:\/\/rig.webennet.nl\/es\/?s={search_term_string}\"},\"query-input\":{\"@type\":\"PropertyValueSpecification\",\"valueRequired\":true,\"valueName\":\"search_term_string\"}}],\"inLanguage\":\"es\"}]}<\/script>\n<!-- \/ Yoast SEO plugin. -->","yoast_head_json":{"title":"Carreras | \u00danete a nuestro equipo internacional","description":"Explora las oportunidades profesionales en Royal Ingredients. \u00danete a nuestro equipo internacional de m\u00e1s de 80 profesionales en comercio, log\u00edstica, calidad y finanzas. \u00a1Post\u00falate hoy!","robots":{"index":"index","follow":"follow","max-snippet":"max-snippet:-1","max-image-preview":"max-image-preview:large","max-video-preview":"max-video-preview:-1"},"canonical":"https:\/\/rig.webennet.nl\/es\/carreras\/","og_locale":"es_ES","og_type":"article","og_title":"Carreras | \u00danete a nuestro equipo internacional","og_description":"Explora las oportunidades profesionales en Royal Ingredients. \u00danete a nuestro equipo internacional de m\u00e1s de 80 profesionales en comercio, log\u00edstica, calidad y finanzas. \u00a1Post\u00falate hoy!","og_url":"https:\/\/rig.webennet.nl\/es\/carreras\/","og_site_name":"Royal Ingredients Group B.V.","article_modified_time":"2026-02-23T13:18:34+00:00","og_image":[{"width":900,"height":1200,"url":"https:\/\/rig.webennet.nl\/wp-content\/uploads\/2024\/10\/Zonder-titel-900-x-1200-px-13.png","type":"image\/png"}],"twitter_card":"summary_large_image","twitter_misc":{"Tiempo de lectura":"1 minuto"},"schema":{"@context":"https:\/\/schema.org","@graph":[{"@type":"WebPage","@id":"https:\/\/rig.webennet.nl\/es\/carreras\/","url":"https:\/\/rig.webennet.nl\/es\/carreras\/","name":"Carreras | \u00danete a nuestro equipo internacional","isPartOf":{"@id":"https:\/\/rig.webennet.nl\/es\/#website"},"primaryImageOfPage":{"@id":"https:\/\/rig.webennet.nl\/es\/carreras\/#primaryimage"},"image":{"@id":"https:\/\/rig.webennet.nl\/es\/carreras\/#primaryimage"},"thumbnailUrl":"https:\/\/rig.webennet.nl\/wp-content\/uploads\/2024\/10\/Zonder-titel-900-x-1200-px-13.png","datePublished":"2024-08-06T06:48:26+00:00","dateModified":"2026-02-23T13:18:34+00:00","description":"Explora las oportunidades profesionales en Royal Ingredients. \u00danete a nuestro equipo internacional de m\u00e1s de 80 profesionales en comercio, log\u00edstica, calidad y finanzas. \u00a1Post\u00falate hoy!","breadcrumb":{"@id":"https:\/\/rig.webennet.nl\/es\/carreras\/#breadcrumb"},"inLanguage":"es","potentialAction":[{"@type":"ReadAction","target":["https:\/\/rig.webennet.nl\/es\/carreras\/"]}]},{"@type":"ImageObject","inLanguage":"es","@id":"https:\/\/rig.webennet.nl\/es\/carreras\/#primaryimage","url":"https:\/\/rig.webennet.nl\/wp-content\/uploads\/2024\/10\/Zonder-titel-900-x-1200-px-13.png","contentUrl":"https:\/\/rig.webennet.nl\/wp-content\/uploads\/2024\/10\/Zonder-titel-900-x-1200-px-13.png","width":900,"height":1200},{"@type":"BreadcrumbList","@id":"https:\/\/rig.webennet.nl\/es\/carreras\/#breadcrumb","itemListElement":[{"@type":"ListItem","position":1,"name":"Home","item":"https:\/\/rig.webennet.nl\/es\/"},{"@type":"ListItem","position":2,"name":"..."}]},{"@type":"WebSite","@id":"https:\/\/rig.webennet.nl\/es\/#website","url":"https:\/\/rig.webennet.nl\/es\/","name":"Royal Ingredients Group B.V.","description":"","potentialAction":[{"@type":"SearchAction","target":{"@type":"EntryPoint","urlTemplate":"https:\/\/rig.webennet.nl\/es\/?s={search_term_string}"},"query-input":{"@type":"PropertyValueSpecification","valueRequired":true,"valueName":"search_term_string"}}],"inLanguage":"es"}]}},"_links":{"self":[{"href":"https:\/\/rig.webennet.nl\/es\/wp-json\/wp\/v2\/pages\/1818","targetHints":{"allow":["GET"]}}],"collection":[{"href":"https:\/\/rig.webennet.nl\/es\/wp-json\/wp\/v2\/pages"}],"about":[{"href":"https:\/\/rig.webennet.nl\/es\/wp-json\/wp\/v2\/types\/page"}],"author":[{"embeddable":true,"href":"https:\/\/rig.webennet.nl\/es\/wp-json\/wp\/v2\/users\/1"}],"replies":[{"embeddable":true,"href":"https:\/\/rig.webennet.nl\/es\/wp-json\/wp\/v2\/comments?post=1818"}],"version-history":[{"count":10,"href":"https:\/\/rig.webennet.nl\/es\/wp-json\/wp\/v2\/pages\/1818\/revisions"}],"predecessor-version":[{"id":3146,"href":"https:\/\/rig.webennet.nl\/es\/wp-json\/wp\/v2\/pages\/1818\/revisions\/3146"}],"wp:featuredmedia":[{"embeddable":true,"href":"https:\/\/rig.webennet.nl\/es\/wp-json\/wp\/v2\/media\/1823"}],"wp:attachment":[{"href":"https:\/\/rig.webennet.nl\/es\/wp-json\/wp\/v2\/media?parent=1818"}],"wp:term":[{"taxonomy":"category","embeddable":true,"href":"https:\/\/rig.webennet.nl\/es\/wp-json\/wp\/v2\/categories?post=1818"},{"taxonomy":"post_tag","embeddable":true,"href":"https:\/\/rig.webennet.nl\/es\/wp-json\/wp\/v2\/tags?post=1818"}],"curies":[{"name":"wp","href":"https:\/\/api.w.org\/{rel}","templated":true}]}}