{"id":2835,"date":"2025-07-08T08:47:50","date_gmt":"2025-07-08T08:47:50","guid":{"rendered":"https:\/\/rig.webennet.nl\/carreras\/ten-years-marco-weel\/"},"modified":"2025-10-15T08:28:39","modified_gmt":"2025-10-15T08:28:39","slug":"diez-anos-marco-weel","status":"publish","type":"page","link":"https:\/\/rig.webennet.nl\/es\/carreras\/diez-anos-marco-weel\/","title":{"rendered":"Marco Weel reflexiona sobre diez a\u00f1os en Royal"},"content":{"rendered":"\n\n<div id=\"rig-header-wrapper\" style=\"padding-top: 0px; padding-bottom: px; margin-top: 0px; margin-bottom: 0px;\">\n\n    <div class=\"container\">\n\t\t<div class=\"row\">\n\t\t\t<div class=\"col-12 col-sm-12 col-md-12 col-lg-12 col-xl-12 col-xxl-12\">\n\t\t\t\t<div id=\"rig-header-content-wrapper\">\n\t\t\t\t\t<div id=\"rig-header-content-image-wrapper\">\n\t\t\t\t\t\t<div class=\"rig-header-content-image-container\">\n\t\t\t\t\t\t\t\t\t\t\t\t\t\t<img decoding=\"async\" src=\"https:\/\/rig.webennet.nl\/wp-content\/uploads\/2025\/10\/Marco-Weel-1024x768.png\" alt=\"\" \/>\n\t\t\t\t\t\t<\/div>\n\t\t\t\t\t<\/div>\n\t\t\t\t\t<div id=\"rig-header-content-content-wrapper\">\n\t\t\t\t\t\t<div id=\"rig-header-content-breadcrumb-wrapper\">\n\t\t\t\t\t\t\t\t\t\t\t\t\t<\/div>\n\t\t\t\t\t\t<div class=\"rig-header-content-content-container\">\n\t\t\t\t\t\t\t<h1 class=\"rig-header-content-content-title\"><p><strong><strong>Marco Weel reflexiona sobre diez a\u00f1os en Royal<\/strong><\/strong><\/p>\n<\/h1>\n\t\t\t\t\t\t\t<div class=\"rig-header-content-content-text\"><p>Desde que entr\u00f3 en la oficina como becario hasta convertirse en <strong>Financial Controller<\/strong>, <strong>Marco Weel<\/strong> ha pasado los \u00faltimos diez a\u00f1os creciendo junto a <strong>Royal<\/strong>. Lo que comenz\u00f3 como unas pr\u00e1cticas se transform\u00f3 en una carrera marcada por la curiosidad, la responsabilidad y un fuerte esp\u00edritu de equipo. En esta historia, Marco reflexiona sobre los momentos que m\u00e1s han marcado su camino, la cultura de empresa que lo ha mantenido aqu\u00ed y las formas en que sigue desarroll\u00e1ndose dentro de un entorno internacional y din\u00e1mico.<\/p>\n<\/div>\n\t\t\t\t\t\t\t\t\t\t\t\t\t\t\t\t\t\t\t\t\t\n\t\t\t\t\t\t\t\n\t\t\t\t\t\t<\/div>\n\t\t\t\t\t<\/div>\n\t\t\t\t<\/div>\n\t\t\t<\/div>\n\t\t<\/div>\n\t<\/div>\n\n<\/div>\n\n<div id=\"rig-text-small-wrapper\" style=\"padding-top: 0px; padding-bottom: 0px; margin-top: 140px; margin-bottom: 140px;\">\n\n    <div class=\"container\">\n\t\t<div class=\"row\">\n\t\t\t<div class=\"col-12 col-sm-12 col-md-10 col-lg-8 col-xl-8 col-xxl-8 offset-md-1 offset-lg-2 offset-xl-2 offset-xxl-2\">\n\t\t\t\t<div id=\"rig-text-small-content-wrapper\">\n\t\t\t\t\t<div class=\"rig-text-small-content-wrapper\"><p><strong>When I think back to my very first day at Royal&#8230;<br \/><\/strong>I do not actually think of my first official day, but of the day of my interview. I was still in school at the time, studying MBO Financial Services, and looking for my first real internship. I remember walking through Alkmaar on my own, feeling like a kid in a big city. I could not even find the entrance, so I ended up calling our former Finance Director, to ask where I had to go.<\/p>\n<p>The interview felt like a real conversation and not long after, I started my internship. Royal had maybe ten or fifteen employees at the time. It was small, personal, and the atmosphere was open but focused. People worked hard when it was needed, and that has always stayed the same.<\/p>\n<p><strong>Un camino natural de becario a controller<br \/><\/strong>Despu&eacute;s de terminar mis pr&aacute;cticas en el verano de 2015, me ofrecieron un trabajo de verano en Royal. El equipo financiero en ese momento estaba formado solo por tres personas, incluy&eacute;ndome a m&iacute;. Cuando termin&oacute; el verano, me qued&eacute;. Y despu&eacute;s de unos dos a&ntilde;os, sent&iacute; que estaba listo para m&aacute;s. Pensaba que necesitaba una educaci&oacute;n superior para dar el siguiente paso, as&iacute; que me matricul&eacute; en el programa de tiempo parcial de Finanzas y Control en la Universidad de Ciencias Aplicadas de &Aacute;msterdam. En mi &uacute;ltimo a&ntilde;o comenc&eacute; a trabajar como Financial Controller.<\/p>\n<p><strong>Formado por la responsabilidad y la curiosidad<\/strong><br \/>Mirando atr&aacute;s, siempre me dieron mucha confianza. En la empresa hay un fuerte sentido de responsabilidad personal. Se espera que todos asuman responsabilidad y piensen de forma independiente. Eso me ha ayudado a crecer tanto profesional como personalmente.<\/p>\n<p>Adem&aacute;s, siempre he apreciado cu&aacute;nto espacio ofrece Royal para desarrollarte. Se espera que propongas tus propias ideas y tomes la iniciativa, pero una vez que lo haces, la empresa realmente te apoya para llevarlas a cabo. Siempre sent&iacute; que el equipo directivo, incluidos los antiguos propietarios, respaldaba esa forma de trabajar.<\/p>\n<p>El a&ntilde;o pasado tuve la oportunidad de viajar a Estados Unidos por trabajo. Antes de ese viaje, todav&iacute;a era un poco reacio a hablar ingl&eacute;s por tel&eacute;fono o en reuniones. Pero estar en ese entorno me ayud&oacute; a romper esa barrera. Desde entonces, me siento mucho m&aacute;s seguro comunic&aacute;ndome a nivel internacional.<\/p>\n<p>Adem&aacute;s, siempre me ha interesado algo m&aacute;s que los n&uacute;meros. Me gusta entender c&oacute;mo funcionan las cosas en todo el negocio y los procesos. Esa curiosidad me ha ayudado a tener una perspectiva m&aacute;s amplia y hace que mi trabajo diario sea m&aacute;s eficaz. Cuando surge un problema, normalmente s&eacute; a d&oacute;nde acudir o a qui&eacute;n preguntar.<\/p>\n<p>Fuera del trabajo, disfruto correr, hacer entrenamiento de fuerza y pasar tiempo con amigos. He participado en varias carreras con Royal, como la Dam tot Damloop y la Alkmaar City Run. Es genial ver c&oacute;mo la empresa apoya y participa en este tipo de actividades. Re&uacute;nen a las personas de una manera diferente y aportan a&uacute;n m&aacute;s energ&iacute;a al ambiente de la oficina.<\/p><\/div>\n\t\t\t\t<\/div>\n\t\t\t<\/div>\n\t\t<\/div>\n\t<\/div>\n\n<\/div>\n\n<div id=\"rig-image-small-wrapper\" style=\"padding-top: 0px; padding-bottom: 0px; margin-top: 140px; margin-bottom: 140px;\">\n\n    <div class=\"container\">\n\t\t<div class=\"row\">\n\t\t\t<div class=\"col-12 col-sm-12 col-md-10 col-lg-8 col-xl-8 col-xxl-8 offset-md-1 offset-lg-2 offset-xl-2 offset-xxl-2\">\n\t\t\t\t<div id=\"rig-image-small-content-wrapper\">\n\t\t\t\t\t\t\t\t\t\t<img decoding=\"async\" src=\"https:\/\/rig.webennet.nl\/wp-content\/uploads\/2025\/07\/Alkmaar-City-Run-1-1024x768.png\" alt=\"\" \/>\t\t\t\t\t\n\t\t\t\t<\/div>\n\t\t\t<\/div>\n\t\t<\/div>\n\t<\/div>\n\n<\/div>\n\n<div id=\"rig-text-small-wrapper\" style=\"padding-top: 0px; padding-bottom: 0px; margin-top: 140px; margin-bottom: 140px;\">\n\n    <div class=\"container\">\n\t\t<div class=\"row\">\n\t\t\t<div class=\"col-12 col-sm-12 col-md-10 col-lg-8 col-xl-8 col-xxl-8 offset-md-1 offset-lg-2 offset-xl-2 offset-xxl-2\">\n\t\t\t\t<div id=\"rig-text-small-content-wrapper\">\n\t\t\t\t\t<div class=\"rig-text-small-content-wrapper\"><p><strong>Por qu&eacute; sigo aqu&iacute; despu&eacute;s de diez a&ntilde;os<\/strong><br \/>Diez a&ntilde;os es mucho tiempo para estar en un mismo lugar, pero para m&iacute; todo se resume en tres cosas: la cultura, las personas y la responsabilidad que se nos da.<\/p>\n<p>Nuestra forma de trabajar es directa y sin rodeos, pero tambi&eacute;n abierta y solidaria cuando hace falta. Las personas que me rodean marcan una gran diferencia. Todos aqu&iacute; asumen un alto nivel de responsabilidad, lo que realmente te permite adue&ntilde;arte de tu trabajo.<\/p>\n<p>Adem&aacute;s, la empresa fomenta activamente el desarrollo personal. Ning&uacute;n d&iacute;a es igual al anterior, y cada d&iacute;a trae sus propios desaf&iacute;os.<\/p>\n<p>Tambi&eacute;n valoro mucho los momentos informales que compartimos, como las bebidas de los viernes o las reuniones de equipo. Facilitan la conexi&oacute;n entre departamentos y contribuyen al fuerte esp&iacute;ritu de equipo que tenemos.<\/p>\n<p><strong>Para quienes reci&eacute;n empiezan<\/strong><br \/>Si alguien nuevo se uniera al equipo ma&ntilde;ana, le dir&iacute;a esto: s&eacute; t&uacute; mismo y t&oacute;mate el tiempo para entender c&oacute;mo trabajamos. La cultura aqu&iacute; es abierta, directa y basada en la confianza. Comun&iacute;cate con claridad, divi&eacute;rtete y trabaja duro cuando sea necesario.<\/p>\n<p>Dedica tiempo a tu propio desarrollo, porque eso hace que el trabajo sea m&aacute;s significativo con el tiempo. Ayuda mucho ser una persona motivada, curiosa y dispuesta a tomar la iniciativa en un entorno internacional y din&aacute;mico.<\/p>\n<p><strong>Diez a&ntilde;os despu&eacute;s, seguimos creciendo<\/strong><br \/>Cuando miro d&oacute;nde empec&eacute; y d&oacute;nde estoy ahora, ha sido un camino lleno de aprendizaje y crecimiento. Algunos pasos fueron peque&ntilde;os, otros tuvieron un gran impacto. Siempre he tenido curiosidad por entender c&oacute;mo funcionan las cosas, y eso me ha ayudado a avanzar.<\/p>\n<p>Siempre hay algo que podemos mejorar o hacer m&aacute;s eficiente. Eso es lo que m&aacute;s espero: seguir mejorando junto con el equipo.<\/p>\n<p>En este momento tambi&eacute;n participo como usuario clave del departamento financiero en la implementaci&oacute;n de nuestro nuevo sistema ERP. Es un gran ejemplo de c&oacute;mo Royal brinda a las personas la oportunidad de contribuir a proyectos importantes y crecer dentro de su rol.<\/p>\n<p><strong>Sobre Marco<\/strong><br \/>Marco es Financial Controller en Royal Ingredients. Durante los &uacute;ltimos diez a&ntilde;os, ha pasado de ser becario a convertirse en una parte clave del equipo financiero. Lo impulsa la curiosidad, un fuerte sentido de responsabilidad y un enfoque pr&aacute;ctico para mejorar la manera en que funcionan las cosas.<\/p>\n<p>Tambi&eacute;n es uno de los usuarios clave del departamento financiero involucrado en la pr&oacute;xima implementaci&oacute;n del sistema ERP de la empresa.<\/p>\n<p><em>&iquest;Buscas un lugar donde las personas crezcan gracias a la confianza, asuman responsabilidades y trabajen en equipo para mejorar cada d&iacute;a? Visita nuestra <a href=\"https:\/\/rig.webennet.nl\/es\/carreras\/\">p&aacute;gina de carreras<\/a> para explorar las oportunidades actuales y descubrir c&oacute;mo es formar parte de Royal Ingredients.<\/em><\/p><\/div>\n\t\t\t\t<\/div>\n\t\t\t<\/div>\n\t\t<\/div>\n\t<\/div>\n\n<\/div>\n\n\n<p><\/p>\n","protected":false},"excerpt":{"rendered":"<p>El controller financiero Marco Weel comparte c\u00f3mo la confianza, el trabajo en equipo y la curiosidad dieron forma a su trayectoria de diez a\u00f1os en Royal Ingredients.<\/p>\n","protected":false},"author":1,"featured_media":2838,"parent":1818,"menu_order":1,"comment_status":"closed","ping_status":"closed","template":"","meta":{"_acf_changed":false,"footnotes":""},"categories":[110],"tags":[],"class_list":["post-2835","page","type-page","status-publish","has-post-thumbnail","hentry","category-employee-stories-es"],"acf":[],"yoast_head":"<!-- This site is optimized with the Yoast SEO plugin v27.1.1 - https:\/\/yoast.com\/product\/yoast-seo-wordpress\/ -->\n<title>Marco Weel reflexiona sobre diez a\u00f1os en Royal | Royal Ingredients Group B.V.<\/title>\n<meta name=\"description\" content=\"El controller financiero Marco Weel comparte c\u00f3mo la confianza, el trabajo en equipo y la curiosidad dieron forma a su trayectoria de diez a\u00f1os en Royal Ingredients.\" \/>\n<meta name=\"robots\" content=\"index, follow, max-snippet:-1, max-image-preview:large, max-video-preview:-1\" \/>\n<link rel=\"canonical\" href=\"https:\/\/rig.webennet.nl\/es\/carreras\/diez-anos-marco-weel\/\" \/>\n<meta property=\"og:locale\" content=\"es_ES\" \/>\n<meta property=\"og:type\" content=\"article\" \/>\n<meta property=\"og:title\" content=\"Marco Weel reflexiona sobre diez a\u00f1os en Royal | Royal Ingredients Group B.V.\" \/>\n<meta property=\"og:description\" content=\"El controller financiero Marco Weel comparte c\u00f3mo la confianza, el trabajo en equipo y la curiosidad dieron forma a su trayectoria de diez a\u00f1os en Royal Ingredients.\" \/>\n<meta property=\"og:url\" content=\"https:\/\/rig.webennet.nl\/es\/carreras\/diez-anos-marco-weel\/\" \/>\n<meta property=\"og:site_name\" content=\"Royal Ingredients Group B.V.\" \/>\n<meta property=\"article:modified_time\" content=\"2025-10-15T08:28:39+00:00\" \/>\n<meta property=\"og:image\" content=\"https:\/\/rig.webennet.nl\/wp-content\/uploads\/2025\/10\/Marco-Weel.png\" \/>\n\t<meta property=\"og:image:width\" content=\"1200\" \/>\n\t<meta property=\"og:image:height\" content=\"900\" \/>\n\t<meta property=\"og:image:type\" content=\"image\/png\" \/>\n<meta name=\"twitter:card\" content=\"summary_large_image\" \/>\n<meta name=\"twitter:label1\" content=\"Tiempo de lectura\" \/>\n\t<meta name=\"twitter:data1\" content=\"1 minuto\" \/>\n<script type=\"application\/ld+json\" class=\"yoast-schema-graph\">{\"@context\":\"https:\/\/schema.org\",\"@graph\":[{\"@type\":\"WebPage\",\"@id\":\"https:\/\/rig.webennet.nl\/es\/carreras\/diez-anos-marco-weel\/\",\"url\":\"https:\/\/rig.webennet.nl\/es\/carreras\/diez-anos-marco-weel\/\",\"name\":\"Marco Weel reflexiona sobre diez a\u00f1os en Royal | Royal Ingredients Group B.V.\",\"isPartOf\":{\"@id\":\"https:\/\/rig.webennet.nl\/es\/#website\"},\"primaryImageOfPage\":{\"@id\":\"https:\/\/rig.webennet.nl\/es\/carreras\/diez-anos-marco-weel\/#primaryimage\"},\"image\":{\"@id\":\"https:\/\/rig.webennet.nl\/es\/carreras\/diez-anos-marco-weel\/#primaryimage\"},\"thumbnailUrl\":\"https:\/\/rig.webennet.nl\/wp-content\/uploads\/2025\/10\/Marco-Weel.png\",\"datePublished\":\"2025-07-08T08:47:50+00:00\",\"dateModified\":\"2025-10-15T08:28:39+00:00\",\"description\":\"El controller financiero Marco Weel comparte c\u00f3mo la confianza, el trabajo en equipo y la curiosidad dieron forma a su trayectoria de diez a\u00f1os en Royal Ingredients.\",\"breadcrumb\":{\"@id\":\"https:\/\/rig.webennet.nl\/es\/carreras\/diez-anos-marco-weel\/#breadcrumb\"},\"inLanguage\":\"es\",\"potentialAction\":[{\"@type\":\"ReadAction\",\"target\":[\"https:\/\/rig.webennet.nl\/es\/carreras\/diez-anos-marco-weel\/\"]}]},{\"@type\":\"ImageObject\",\"inLanguage\":\"es\",\"@id\":\"https:\/\/rig.webennet.nl\/es\/carreras\/diez-anos-marco-weel\/#primaryimage\",\"url\":\"https:\/\/rig.webennet.nl\/wp-content\/uploads\/2025\/10\/Marco-Weel.png\",\"contentUrl\":\"https:\/\/rig.webennet.nl\/wp-content\/uploads\/2025\/10\/Marco-Weel.png\",\"width\":1200,\"height\":900},{\"@type\":\"BreadcrumbList\",\"@id\":\"https:\/\/rig.webennet.nl\/es\/carreras\/diez-anos-marco-weel\/#breadcrumb\",\"itemListElement\":[{\"@type\":\"ListItem\",\"position\":1,\"name\":\"Home\",\"item\":\"https:\/\/rig.webennet.nl\/es\/\"},{\"@type\":\"ListItem\",\"position\":2,\"name\":\"Carreras\",\"item\":\"https:\/\/rig.webennet.nl\/es\/carreras\/\"},{\"@type\":\"ListItem\",\"position\":3,\"name\":\"...\"}]},{\"@type\":\"WebSite\",\"@id\":\"https:\/\/rig.webennet.nl\/es\/#website\",\"url\":\"https:\/\/rig.webennet.nl\/es\/\",\"name\":\"Royal Ingredients Group B.V.\",\"description\":\"\",\"potentialAction\":[{\"@type\":\"SearchAction\",\"target\":{\"@type\":\"EntryPoint\",\"urlTemplate\":\"https:\/\/rig.webennet.nl\/es\/?s={search_term_string}\"},\"query-input\":{\"@type\":\"PropertyValueSpecification\",\"valueRequired\":true,\"valueName\":\"search_term_string\"}}],\"inLanguage\":\"es\"}]}<\/script>\n<!-- \/ Yoast SEO plugin. -->","yoast_head_json":{"title":"Marco Weel reflexiona sobre diez a\u00f1os en Royal | Royal Ingredients Group B.V.","description":"El controller financiero Marco Weel comparte c\u00f3mo la confianza, el trabajo en equipo y la curiosidad dieron forma a su trayectoria de diez a\u00f1os en Royal Ingredients.","robots":{"index":"index","follow":"follow","max-snippet":"max-snippet:-1","max-image-preview":"max-image-preview:large","max-video-preview":"max-video-preview:-1"},"canonical":"https:\/\/rig.webennet.nl\/es\/carreras\/diez-anos-marco-weel\/","og_locale":"es_ES","og_type":"article","og_title":"Marco Weel reflexiona sobre diez a\u00f1os en Royal | Royal Ingredients Group B.V.","og_description":"El controller financiero Marco Weel comparte c\u00f3mo la confianza, el trabajo en equipo y la curiosidad dieron forma a su trayectoria de diez a\u00f1os en Royal Ingredients.","og_url":"https:\/\/rig.webennet.nl\/es\/carreras\/diez-anos-marco-weel\/","og_site_name":"Royal Ingredients Group B.V.","article_modified_time":"2025-10-15T08:28:39+00:00","og_image":[{"width":1200,"height":900,"url":"https:\/\/rig.webennet.nl\/wp-content\/uploads\/2025\/10\/Marco-Weel.png","type":"image\/png"}],"twitter_card":"summary_large_image","twitter_misc":{"Tiempo de lectura":"1 minuto"},"schema":{"@context":"https:\/\/schema.org","@graph":[{"@type":"WebPage","@id":"https:\/\/rig.webennet.nl\/es\/carreras\/diez-anos-marco-weel\/","url":"https:\/\/rig.webennet.nl\/es\/carreras\/diez-anos-marco-weel\/","name":"Marco Weel reflexiona sobre diez a\u00f1os en Royal | Royal Ingredients Group B.V.","isPartOf":{"@id":"https:\/\/rig.webennet.nl\/es\/#website"},"primaryImageOfPage":{"@id":"https:\/\/rig.webennet.nl\/es\/carreras\/diez-anos-marco-weel\/#primaryimage"},"image":{"@id":"https:\/\/rig.webennet.nl\/es\/carreras\/diez-anos-marco-weel\/#primaryimage"},"thumbnailUrl":"https:\/\/rig.webennet.nl\/wp-content\/uploads\/2025\/10\/Marco-Weel.png","datePublished":"2025-07-08T08:47:50+00:00","dateModified":"2025-10-15T08:28:39+00:00","description":"El controller financiero Marco Weel comparte c\u00f3mo la confianza, el trabajo en equipo y la curiosidad dieron forma a su trayectoria de diez a\u00f1os en Royal Ingredients.","breadcrumb":{"@id":"https:\/\/rig.webennet.nl\/es\/carreras\/diez-anos-marco-weel\/#breadcrumb"},"inLanguage":"es","potentialAction":[{"@type":"ReadAction","target":["https:\/\/rig.webennet.nl\/es\/carreras\/diez-anos-marco-weel\/"]}]},{"@type":"ImageObject","inLanguage":"es","@id":"https:\/\/rig.webennet.nl\/es\/carreras\/diez-anos-marco-weel\/#primaryimage","url":"https:\/\/rig.webennet.nl\/wp-content\/uploads\/2025\/10\/Marco-Weel.png","contentUrl":"https:\/\/rig.webennet.nl\/wp-content\/uploads\/2025\/10\/Marco-Weel.png","width":1200,"height":900},{"@type":"BreadcrumbList","@id":"https:\/\/rig.webennet.nl\/es\/carreras\/diez-anos-marco-weel\/#breadcrumb","itemListElement":[{"@type":"ListItem","position":1,"name":"Home","item":"https:\/\/rig.webennet.nl\/es\/"},{"@type":"ListItem","position":2,"name":"Carreras","item":"https:\/\/rig.webennet.nl\/es\/carreras\/"},{"@type":"ListItem","position":3,"name":"..."}]},{"@type":"WebSite","@id":"https:\/\/rig.webennet.nl\/es\/#website","url":"https:\/\/rig.webennet.nl\/es\/","name":"Royal Ingredients Group B.V.","description":"","potentialAction":[{"@type":"SearchAction","target":{"@type":"EntryPoint","urlTemplate":"https:\/\/rig.webennet.nl\/es\/?s={search_term_string}"},"query-input":{"@type":"PropertyValueSpecification","valueRequired":true,"valueName":"search_term_string"}}],"inLanguage":"es"}]}},"_links":{"self":[{"href":"https:\/\/rig.webennet.nl\/es\/wp-json\/wp\/v2\/pages\/2835","targetHints":{"allow":["GET"]}}],"collection":[{"href":"https:\/\/rig.webennet.nl\/es\/wp-json\/wp\/v2\/pages"}],"about":[{"href":"https:\/\/rig.webennet.nl\/es\/wp-json\/wp\/v2\/types\/page"}],"author":[{"embeddable":true,"href":"https:\/\/rig.webennet.nl\/es\/wp-json\/wp\/v2\/users\/1"}],"replies":[{"embeddable":true,"href":"https:\/\/rig.webennet.nl\/es\/wp-json\/wp\/v2\/comments?post=2835"}],"version-history":[{"count":2,"href":"https:\/\/rig.webennet.nl\/es\/wp-json\/wp\/v2\/pages\/2835\/revisions"}],"predecessor-version":[{"id":2840,"href":"https:\/\/rig.webennet.nl\/es\/wp-json\/wp\/v2\/pages\/2835\/revisions\/2840"}],"up":[{"embeddable":true,"href":"https:\/\/rig.webennet.nl\/es\/wp-json\/wp\/v2\/pages\/1818"}],"wp:featuredmedia":[{"embeddable":true,"href":"https:\/\/rig.webennet.nl\/es\/wp-json\/wp\/v2\/media\/2838"}],"wp:attachment":[{"href":"https:\/\/rig.webennet.nl\/es\/wp-json\/wp\/v2\/media?parent=2835"}],"wp:term":[{"taxonomy":"category","embeddable":true,"href":"https:\/\/rig.webennet.nl\/es\/wp-json\/wp\/v2\/categories?post=2835"},{"taxonomy":"post_tag","embeddable":true,"href":"https:\/\/rig.webennet.nl\/es\/wp-json\/wp\/v2\/tags?post=2835"}],"curies":[{"name":"wp","href":"https:\/\/api.w.org\/{rel}","templated":true}]}}