{"id":2841,"date":"2025-08-14T07:32:36","date_gmt":"2025-08-14T07:32:36","guid":{"rendered":"https:\/\/rig.webennet.nl\/carreras\/emmanuel-south-america-trip\/"},"modified":"2025-10-15T08:38:27","modified_gmt":"2025-10-15T08:38:27","slug":"emmanuel-viaje-america-del-sur","status":"publish","type":"page","link":"https:\/\/rig.webennet.nl\/es\/carreras\/emmanuel-viaje-america-del-sur\/","title":{"rendered":"Un rol que nunca se detiene"},"content":{"rendered":"\n\n<div id=\"rig-header-wrapper\" style=\"padding-top: 0px; padding-bottom: px; margin-top: 0px; margin-bottom: 0px;\">\n\n    <div class=\"container\">\n\t\t<div class=\"row\">\n\t\t\t<div class=\"col-12 col-sm-12 col-md-12 col-lg-12 col-xl-12 col-xxl-12\">\n\t\t\t\t<div id=\"rig-header-content-wrapper\">\n\t\t\t\t\t<div id=\"rig-header-content-image-wrapper\">\n\t\t\t\t\t\t<div class=\"rig-header-content-image-container\">\n\t\t\t\t\t\t\t\t\t\t\t\t\t\t<img decoding=\"async\" src=\"https:\/\/rig.webennet.nl\/wp-content\/uploads\/2025\/10\/Emmanuel-1024x768.png\" alt=\"\" \/>\n\t\t\t\t\t\t<\/div>\n\t\t\t\t\t<\/div>\n\t\t\t\t\t<div id=\"rig-header-content-content-wrapper\">\n\t\t\t\t\t\t<div id=\"rig-header-content-breadcrumb-wrapper\">\n\t\t\t\t\t\t\t\t\t\t\t\t\t<\/div>\n\t\t\t\t\t\t<div class=\"rig-header-content-content-container\">\n\t\t\t\t\t\t\t<h1 class=\"rig-header-content-content-title\"><p><strong><strong><strong>El viaje de Emmanuel al mundo de los granos y las semillas<\/strong><\/strong><\/strong><\/p>\n<\/h1>\n\t\t\t\t\t\t\t<div class=\"rig-header-content-content-text\"><p>Mi nombre es <strong>Emmanuel<\/strong>, tengo 30 a\u00f1os y soy originario de <strong>Venezuela<\/strong>. Formo parte del equipo de <strong>Royal Ingredients<\/strong> desde hace unos nueve meses y estoy al frente del <strong>Departamento de Granos y Semillas<\/strong>. En mi rol, soy responsable de gestionar nuestro portafolio de granos y semillas en diferentes partes del mundo, tanto org\u00e1nicos como convencionales. Es un trabajo din\u00e1mico que te mantiene alerta, y eso es precisamente lo que m\u00e1s me gusta.<\/p>\n<\/div>\n\t\t\t\t\t\t\t\t\t\t\t\t\t\t\t\t\t\t\t\t\t\n\t\t\t\t\t\t\t\n\t\t\t\t\t\t<\/div>\n\t\t\t\t\t<\/div>\n\t\t\t\t<\/div>\n\t\t\t<\/div>\n\t\t<\/div>\n\t<\/div>\n\n<\/div>\n\n<div id=\"rig-text-small-wrapper\" style=\"padding-top: 0px; padding-bottom: 0px; margin-top: 140px; margin-bottom: 140px;\">\n\n    <div class=\"container\">\n\t\t<div class=\"row\">\n\t\t\t<div class=\"col-12 col-sm-12 col-md-10 col-lg-8 col-xl-8 col-xxl-8 offset-md-1 offset-lg-2 offset-xl-2 offset-xxl-2\">\n\t\t\t\t<div id=\"rig-text-small-content-wrapper\">\n\t\t\t\t\t<div class=\"rig-text-small-content-wrapper\"><p><strong>Siempre aprendiendo, siempre creciendo<\/strong><br \/>Trabajar en esta industria significa estar en constante aprendizaje. Conoces personas de distintos pa&iacute;ses y culturas, sigues mercados que cambian cada semana y descubres algo nuevo sobre los productos con los que trabajamos casi a diario.<\/p>\n<p>Incluso despu&eacute;s de cuatro a&ntilde;os en este sector, no me considero un experto. Pero he construido una s&oacute;lida comprensi&oacute;n del mercado gracias a la curiosidad, la perseverancia y el apoyo que he recibido del equipo de Royal.<\/p>\n<p><strong>Visitando el coraz&oacute;n de nuestra cadena de suministro<\/strong><br \/>En mayo tuve la oportunidad de viajar a Sudam&eacute;rica. Este continente es clave en nuestra cadena de suministro de granos y semillas, especialmente para productos como la ch&iacute;a y la quinua, que son fundamentales para nuestro departamento.<\/p>\n<p>Fue el tipo de viaje que te ofrece una nueva perspectiva. No desde un escritorio ni un informe de mercado, sino caminando por los campos de cultivo y visitando las plantas de procesamiento donde realmente empieza el trabajo.<\/p><\/div>\n\t\t\t\t<\/div>\n\t\t\t<\/div>\n\t\t<\/div>\n\t<\/div>\n\n<\/div>\n\n<div id=\"rig-image-small-wrapper\" style=\"padding-top: 0px; padding-bottom: 0px; margin-top: 140px; margin-bottom: 140px;\">\n\n    <div class=\"container\">\n\t\t<div class=\"row\">\n\t\t\t<div class=\"col-12 col-sm-12 col-md-10 col-lg-8 col-xl-8 col-xxl-8 offset-md-1 offset-lg-2 offset-xl-2 offset-xxl-2\">\n\t\t\t\t<div id=\"rig-image-small-content-wrapper\">\n\t\t\t\t\t\t\t\t\t\t<img decoding=\"async\" src=\"https:\/\/rig.webennet.nl\/wp-content\/uploads\/2025\/08\/Emmanuel-south-america-1024x768.png\" alt=\"\" \/>\t\t\t\t\t\n\t\t\t\t<\/div>\n\t\t\t<\/div>\n\t\t<\/div>\n\t<\/div>\n\n<\/div>\n\n<div id=\"rig-text-small-wrapper\" style=\"padding-top: 0px; padding-bottom: 0px; margin-top: 140px; margin-bottom: 140px;\">\n\n    <div class=\"container\">\n\t\t<div class=\"row\">\n\t\t\t<div class=\"col-12 col-sm-12 col-md-10 col-lg-8 col-xl-8 col-xxl-8 offset-md-1 offset-lg-2 offset-xl-2 offset-xxl-2\">\n\t\t\t\t<div id=\"rig-text-small-content-wrapper\">\n\t\t\t\t\t<div class=\"rig-text-small-content-wrapper\"><p><strong>Ver m&aacute;s all&aacute; del producto<\/strong><br \/>Estar involucrado diariamente con estos productos es una cosa, pero visitar los campos y conocer a los agricultores es algo completamente distinto.<\/p>\n<p>Conoc&iacute; a algunos de nuestros socios estrat&eacute;gicos, vi c&oacute;mo se manejan los cultivos en el campo y aprend&iacute; m&aacute;s sobre el cuidado que implica producir granos tanto org&aacute;nicos como convencionales.<\/p>\n<p>Detr&aacute;s de cada producto hay pasi&oacute;n y conocimiento, aspectos que no siempre pueden expresarse en cifras o especificaciones.<\/p>\n<p><strong>Mirando hacia el futuro con prop&oacute;sito<\/strong><br \/>Este viaje me brind&oacute; informaci&oacute;n valiosa para planificar la cosecha de ch&iacute;a 2025&ndash;2026. Pero m&aacute;s all&aacute; de eso, me record&oacute; por qu&eacute; disfruto tanto de este negocio.<\/p>\n<p>Se trata de relaciones, de pensar a largo plazo y de mantenerte cerca de las personas y los lugares que hacen posible lo que hacemos.<\/p>\n<p><strong>Mantenernos cerca del origen<\/strong><br \/>En Royal hablamos mucho de calidad y fiabilidad. Viajes como este son la forma en que mantenemos esa promesa: estando presentes, haciendo preguntas y manteniendo el v&iacute;nculo con el origen de lo que ofrecemos.<\/p>\n<p>Especialmente cuando se trata de productos org&aacute;nicos, esa conexi&oacute;n es esencial.<\/p>\n<p><strong>Sobre Emmanuel<\/strong><br \/>Emmanuel es Sales Manager de Granos y Semillas en Royal Ingredients. Con varios a&ntilde;os de experiencia en el abastecimiento org&aacute;nico y convencional, le apasiona construir relaciones s&oacute;lidas, explorar nuevos mercados y mantenerse cerca del origen de los productos con los que trabaja.<\/p>\n<p><em>Si te interesa unirte a un equipo que trabaja cerca del origen y apuesta por la calidad, la confianza y las relaciones a largo plazo,<\/em><br \/><em>visita nuestra <a href=\"https:\/\/rig.webennet.nl\/es\/carreras\/\">p&aacute;gina de carreras<\/a> y descubre c&oacute;mo es formar parte de Royal Ingredients.<\/em><\/p><\/div>\n\t\t\t\t<\/div>\n\t\t\t<\/div>\n\t\t<\/div>\n\t<\/div>\n\n<\/div>\n\n\n<p><\/p>\n","protected":false},"excerpt":{"rendered":"<p>Emmanuel comparte su experiencia visitando productores de ch\u00eda y quinua org\u00e1nica en Sudam\u00e9rica para la planificaci\u00f3n de la pr\u00f3xima cosecha.<\/p>\n","protected":false},"author":1,"featured_media":2843,"parent":1818,"menu_order":1,"comment_status":"closed","ping_status":"closed","template":"","meta":{"_acf_changed":false,"footnotes":""},"categories":[110],"tags":[],"class_list":["post-2841","page","type-page","status-publish","has-post-thumbnail","hentry","category-employee-stories-es"],"acf":[],"yoast_head":"<!-- This site is optimized with the Yoast SEO plugin v27.1.1 - https:\/\/yoast.com\/product\/yoast-seo-wordpress\/ -->\n<title>Un rol que nunca se detiene | Royal Ingredients Group B.V.<\/title>\n<meta name=\"description\" content=\"Emmanuel comparte su experiencia visitando productores de ch\u00eda y quinua org\u00e1nica en Sudam\u00e9rica para la planificaci\u00f3n de la pr\u00f3xima cosecha.\" \/>\n<meta name=\"robots\" content=\"index, follow, max-snippet:-1, max-image-preview:large, max-video-preview:-1\" \/>\n<link rel=\"canonical\" href=\"https:\/\/rig.webennet.nl\/es\/carreras\/emmanuel-viaje-america-del-sur\/\" \/>\n<meta property=\"og:locale\" content=\"es_ES\" \/>\n<meta property=\"og:type\" content=\"article\" \/>\n<meta property=\"og:title\" content=\"Un rol que nunca se detiene | Royal Ingredients Group B.V.\" \/>\n<meta property=\"og:description\" content=\"Emmanuel comparte su experiencia visitando productores de ch\u00eda y quinua org\u00e1nica en Sudam\u00e9rica para la planificaci\u00f3n de la pr\u00f3xima cosecha.\" \/>\n<meta property=\"og:url\" content=\"https:\/\/rig.webennet.nl\/es\/carreras\/emmanuel-viaje-america-del-sur\/\" \/>\n<meta property=\"og:site_name\" content=\"Royal Ingredients Group B.V.\" \/>\n<meta property=\"article:modified_time\" content=\"2025-10-15T08:38:27+00:00\" \/>\n<meta property=\"og:image\" content=\"https:\/\/rig.webennet.nl\/wp-content\/uploads\/2025\/10\/Emmanuel.png\" \/>\n\t<meta property=\"og:image:width\" content=\"1200\" \/>\n\t<meta property=\"og:image:height\" content=\"900\" \/>\n\t<meta property=\"og:image:type\" content=\"image\/png\" \/>\n<meta name=\"twitter:card\" content=\"summary_large_image\" \/>\n<meta name=\"twitter:label1\" content=\"Tiempo de lectura\" \/>\n\t<meta name=\"twitter:data1\" content=\"1 minuto\" \/>\n<script type=\"application\/ld+json\" class=\"yoast-schema-graph\">{\"@context\":\"https:\/\/schema.org\",\"@graph\":[{\"@type\":\"WebPage\",\"@id\":\"https:\/\/rig.webennet.nl\/es\/carreras\/emmanuel-viaje-america-del-sur\/\",\"url\":\"https:\/\/rig.webennet.nl\/es\/carreras\/emmanuel-viaje-america-del-sur\/\",\"name\":\"Un rol que nunca se detiene | Royal Ingredients Group B.V.\",\"isPartOf\":{\"@id\":\"https:\/\/rig.webennet.nl\/es\/#website\"},\"primaryImageOfPage\":{\"@id\":\"https:\/\/rig.webennet.nl\/es\/carreras\/emmanuel-viaje-america-del-sur\/#primaryimage\"},\"image\":{\"@id\":\"https:\/\/rig.webennet.nl\/es\/carreras\/emmanuel-viaje-america-del-sur\/#primaryimage\"},\"thumbnailUrl\":\"https:\/\/rig.webennet.nl\/wp-content\/uploads\/2025\/10\/Emmanuel.png\",\"datePublished\":\"2025-08-14T07:32:36+00:00\",\"dateModified\":\"2025-10-15T08:38:27+00:00\",\"description\":\"Emmanuel comparte su experiencia visitando productores de ch\u00eda y quinua org\u00e1nica en Sudam\u00e9rica para la planificaci\u00f3n de la pr\u00f3xima cosecha.\",\"breadcrumb\":{\"@id\":\"https:\/\/rig.webennet.nl\/es\/carreras\/emmanuel-viaje-america-del-sur\/#breadcrumb\"},\"inLanguage\":\"es\",\"potentialAction\":[{\"@type\":\"ReadAction\",\"target\":[\"https:\/\/rig.webennet.nl\/es\/carreras\/emmanuel-viaje-america-del-sur\/\"]}]},{\"@type\":\"ImageObject\",\"inLanguage\":\"es\",\"@id\":\"https:\/\/rig.webennet.nl\/es\/carreras\/emmanuel-viaje-america-del-sur\/#primaryimage\",\"url\":\"https:\/\/rig.webennet.nl\/wp-content\/uploads\/2025\/10\/Emmanuel.png\",\"contentUrl\":\"https:\/\/rig.webennet.nl\/wp-content\/uploads\/2025\/10\/Emmanuel.png\",\"width\":1200,\"height\":900},{\"@type\":\"BreadcrumbList\",\"@id\":\"https:\/\/rig.webennet.nl\/es\/carreras\/emmanuel-viaje-america-del-sur\/#breadcrumb\",\"itemListElement\":[{\"@type\":\"ListItem\",\"position\":1,\"name\":\"Home\",\"item\":\"https:\/\/rig.webennet.nl\/es\/\"},{\"@type\":\"ListItem\",\"position\":2,\"name\":\"Carreras\",\"item\":\"https:\/\/rig.webennet.nl\/es\/carreras\/\"},{\"@type\":\"ListItem\",\"position\":3,\"name\":\"...\"}]},{\"@type\":\"WebSite\",\"@id\":\"https:\/\/rig.webennet.nl\/es\/#website\",\"url\":\"https:\/\/rig.webennet.nl\/es\/\",\"name\":\"Royal Ingredients Group B.V.\",\"description\":\"\",\"potentialAction\":[{\"@type\":\"SearchAction\",\"target\":{\"@type\":\"EntryPoint\",\"urlTemplate\":\"https:\/\/rig.webennet.nl\/es\/?s={search_term_string}\"},\"query-input\":{\"@type\":\"PropertyValueSpecification\",\"valueRequired\":true,\"valueName\":\"search_term_string\"}}],\"inLanguage\":\"es\"}]}<\/script>\n<!-- \/ Yoast SEO plugin. -->","yoast_head_json":{"title":"Un rol que nunca se detiene | Royal Ingredients Group B.V.","description":"Emmanuel comparte su experiencia visitando productores de ch\u00eda y quinua org\u00e1nica en Sudam\u00e9rica para la planificaci\u00f3n de la pr\u00f3xima cosecha.","robots":{"index":"index","follow":"follow","max-snippet":"max-snippet:-1","max-image-preview":"max-image-preview:large","max-video-preview":"max-video-preview:-1"},"canonical":"https:\/\/rig.webennet.nl\/es\/carreras\/emmanuel-viaje-america-del-sur\/","og_locale":"es_ES","og_type":"article","og_title":"Un rol que nunca se detiene | Royal Ingredients Group B.V.","og_description":"Emmanuel comparte su experiencia visitando productores de ch\u00eda y quinua org\u00e1nica en Sudam\u00e9rica para la planificaci\u00f3n de la pr\u00f3xima cosecha.","og_url":"https:\/\/rig.webennet.nl\/es\/carreras\/emmanuel-viaje-america-del-sur\/","og_site_name":"Royal Ingredients Group B.V.","article_modified_time":"2025-10-15T08:38:27+00:00","og_image":[{"width":1200,"height":900,"url":"https:\/\/rig.webennet.nl\/wp-content\/uploads\/2025\/10\/Emmanuel.png","type":"image\/png"}],"twitter_card":"summary_large_image","twitter_misc":{"Tiempo de lectura":"1 minuto"},"schema":{"@context":"https:\/\/schema.org","@graph":[{"@type":"WebPage","@id":"https:\/\/rig.webennet.nl\/es\/carreras\/emmanuel-viaje-america-del-sur\/","url":"https:\/\/rig.webennet.nl\/es\/carreras\/emmanuel-viaje-america-del-sur\/","name":"Un rol que nunca se detiene | Royal Ingredients Group B.V.","isPartOf":{"@id":"https:\/\/rig.webennet.nl\/es\/#website"},"primaryImageOfPage":{"@id":"https:\/\/rig.webennet.nl\/es\/carreras\/emmanuel-viaje-america-del-sur\/#primaryimage"},"image":{"@id":"https:\/\/rig.webennet.nl\/es\/carreras\/emmanuel-viaje-america-del-sur\/#primaryimage"},"thumbnailUrl":"https:\/\/rig.webennet.nl\/wp-content\/uploads\/2025\/10\/Emmanuel.png","datePublished":"2025-08-14T07:32:36+00:00","dateModified":"2025-10-15T08:38:27+00:00","description":"Emmanuel comparte su experiencia visitando productores de ch\u00eda y quinua org\u00e1nica en Sudam\u00e9rica para la planificaci\u00f3n de la pr\u00f3xima cosecha.","breadcrumb":{"@id":"https:\/\/rig.webennet.nl\/es\/carreras\/emmanuel-viaje-america-del-sur\/#breadcrumb"},"inLanguage":"es","potentialAction":[{"@type":"ReadAction","target":["https:\/\/rig.webennet.nl\/es\/carreras\/emmanuel-viaje-america-del-sur\/"]}]},{"@type":"ImageObject","inLanguage":"es","@id":"https:\/\/rig.webennet.nl\/es\/carreras\/emmanuel-viaje-america-del-sur\/#primaryimage","url":"https:\/\/rig.webennet.nl\/wp-content\/uploads\/2025\/10\/Emmanuel.png","contentUrl":"https:\/\/rig.webennet.nl\/wp-content\/uploads\/2025\/10\/Emmanuel.png","width":1200,"height":900},{"@type":"BreadcrumbList","@id":"https:\/\/rig.webennet.nl\/es\/carreras\/emmanuel-viaje-america-del-sur\/#breadcrumb","itemListElement":[{"@type":"ListItem","position":1,"name":"Home","item":"https:\/\/rig.webennet.nl\/es\/"},{"@type":"ListItem","position":2,"name":"Carreras","item":"https:\/\/rig.webennet.nl\/es\/carreras\/"},{"@type":"ListItem","position":3,"name":"..."}]},{"@type":"WebSite","@id":"https:\/\/rig.webennet.nl\/es\/#website","url":"https:\/\/rig.webennet.nl\/es\/","name":"Royal Ingredients Group B.V.","description":"","potentialAction":[{"@type":"SearchAction","target":{"@type":"EntryPoint","urlTemplate":"https:\/\/rig.webennet.nl\/es\/?s={search_term_string}"},"query-input":{"@type":"PropertyValueSpecification","valueRequired":true,"valueName":"search_term_string"}}],"inLanguage":"es"}]}},"_links":{"self":[{"href":"https:\/\/rig.webennet.nl\/es\/wp-json\/wp\/v2\/pages\/2841","targetHints":{"allow":["GET"]}}],"collection":[{"href":"https:\/\/rig.webennet.nl\/es\/wp-json\/wp\/v2\/pages"}],"about":[{"href":"https:\/\/rig.webennet.nl\/es\/wp-json\/wp\/v2\/types\/page"}],"author":[{"embeddable":true,"href":"https:\/\/rig.webennet.nl\/es\/wp-json\/wp\/v2\/users\/1"}],"replies":[{"embeddable":true,"href":"https:\/\/rig.webennet.nl\/es\/wp-json\/wp\/v2\/comments?post=2841"}],"version-history":[{"count":1,"href":"https:\/\/rig.webennet.nl\/es\/wp-json\/wp\/v2\/pages\/2841\/revisions"}],"predecessor-version":[{"id":2845,"href":"https:\/\/rig.webennet.nl\/es\/wp-json\/wp\/v2\/pages\/2841\/revisions\/2845"}],"up":[{"embeddable":true,"href":"https:\/\/rig.webennet.nl\/es\/wp-json\/wp\/v2\/pages\/1818"}],"wp:featuredmedia":[{"embeddable":true,"href":"https:\/\/rig.webennet.nl\/es\/wp-json\/wp\/v2\/media\/2843"}],"wp:attachment":[{"href":"https:\/\/rig.webennet.nl\/es\/wp-json\/wp\/v2\/media?parent=2841"}],"wp:term":[{"taxonomy":"category","embeddable":true,"href":"https:\/\/rig.webennet.nl\/es\/wp-json\/wp\/v2\/categories?post=2841"},{"taxonomy":"post_tag","embeddable":true,"href":"https:\/\/rig.webennet.nl\/es\/wp-json\/wp\/v2\/tags?post=2841"}],"curies":[{"name":"wp","href":"https:\/\/api.w.org\/{rel}","templated":true}]}}