{"id":3091,"date":"2025-11-25T09:00:00","date_gmt":"2025-11-25T09:00:00","guid":{"rendered":"https:\/\/rig.webennet.nl\/carreras\/mike-paarlberg-royal-ingredients\/"},"modified":"2026-02-20T10:40:56","modified_gmt":"2026-02-20T10:40:56","slug":"mike-paarlberg-royal-ingredients","status":"publish","type":"page","link":"https:\/\/rig.webennet.nl\/es\/carreras\/mike-paarlberg-royal-ingredients\/","title":{"rendered":"Creciendo con confianza y trabajo en equipo"},"content":{"rendered":"\n\n<div id=\"rig-header-wrapper\" style=\"padding-top: 0px; padding-bottom: px; margin-top: 0px; margin-bottom: 0px;\">\n\n    <div class=\"container\">\n\t\t<div class=\"row\">\n\t\t\t<div class=\"col-12 col-sm-12 col-md-12 col-lg-12 col-xl-12 col-xxl-12\">\n\t\t\t\t<div id=\"rig-header-content-wrapper\">\n\t\t\t\t\t<div id=\"rig-header-content-image-wrapper\">\n\t\t\t\t\t\t<div class=\"rig-header-content-image-container\">\n\t\t\t\t\t\t\t\t\t\t\t\t\t\t<img decoding=\"async\" src=\"https:\/\/rig.webennet.nl\/wp-content\/uploads\/2025\/11\/Excerpt-website-image-blogs-2-1024x768.png\" alt=\"\" \/>\n\t\t\t\t\t\t<\/div>\n\t\t\t\t\t<\/div>\n\t\t\t\t\t<div id=\"rig-header-content-content-wrapper\">\n\t\t\t\t\t\t<div id=\"rig-header-content-breadcrumb-wrapper\">\n\t\t\t\t\t\t\t\t\t\t\t\t\t<\/div>\n\t\t\t\t\t\t<div class=\"rig-header-content-content-container\">\n\t\t\t\t\t\t\t<h1 class=\"rig-header-content-content-title\"><p><strong><strong><strong><strong>Creciendo con confianza y trabajo en equipo<\/strong><\/strong><\/strong><\/strong><\/p>\n<\/h1>\n\t\t\t\t\t\t\t<div class=\"rig-header-content-content-text\"><p>El Gerente de Ventas para Am\u00e9rica Latina, Mike Paarlberg, forma parte de Royal Ingredients desde hace m\u00e1s de tres a\u00f1os. En su funci\u00f3n, es responsable de desarrollar relaciones en mercados nuevos y existentes en toda la regi\u00f3n, apoyar a los clientes y encontrar oportunidades que generen valor para ambas partes.<\/p>\n<\/div>\n\t\t\t\t\t\t\t\t\t\t\t\t\t\t\t\t\t\t\t\t\t\n\t\t\t\t\t\t\t\n\t\t\t\t\t\t<\/div>\n\t\t\t\t\t<\/div>\n\t\t\t\t<\/div>\n\t\t\t<\/div>\n\t\t<\/div>\n\t<\/div>\n\n<\/div>\n\n<div id=\"rig-text-small-wrapper\" style=\"padding-top: 0px; padding-bottom: 0px; margin-top: 140px; margin-bottom: 140px;\">\n\n    <div class=\"container\">\n\t\t<div class=\"row\">\n\t\t\t<div class=\"col-12 col-sm-12 col-md-10 col-lg-8 col-xl-8 col-xxl-8 offset-md-1 offset-lg-2 offset-xl-2 offset-xxl-2\">\n\t\t\t\t<div id=\"rig-text-small-content-wrapper\">\n\t\t\t\t\t<div class=\"rig-text-small-content-wrapper\"><p>Lo que m&aacute;s disfruta de trabajar aqu&iacute; es la confianza y la libertad que se le da. &ldquo;Hay mucho est&iacute;mulo para proponer tus propias ideas y estrategias&rdquo;, explica Mike. &ldquo;Realmente tienes la oportunidad de asumir la responsabilidad de tu trabajo y abordar los mercados de la manera que crees que es mejor. Se siente como gestionar tu propio peque&ntilde;o negocio dentro de la empresa&rdquo;.<\/p>\n<p>Al mismo tiempo, valora el apoyo que est&aacute; disponible cuando se necesita. &ldquo;Si te enfrentas a un desaf&iacute;o o quieres hablar sobre una idea, siempre hay alguien dispuesto a ayudar o a compartir consejos. Esa combinaci&oacute;n de independencia y trabajo en equipo hace que el ambiente sea muy motivador&rdquo;.<\/p>\n<p><strong>Trabajar juntos en ferias comerciales<\/strong><br \/>Mike participa con frecuencia en ferias y eventos del sector, que considera una de las partes m&aacute;s inspiradoras de su trabajo. &ldquo;Reunirse con clientes actuales y potenciales da mucha energ&iacute;a. Es la mejor manera de fortalecer las relaciones y descubrir nuevas oportunidades&rdquo;, comenta.<\/p>\n<p>Estos eventos tambi&eacute;n son momentos de gran trabajo en equipo. &ldquo;Despu&eacute;s de un d&iacute;a largo, muchas veces cenamos juntos como equipo, hablamos de lo que sali&oacute; bien, compartimos ideas para el d&iacute;a siguiente y nos re&iacute;mos un rato. Eso crea un buen ambiente y fortalece el v&iacute;nculo entre compa&ntilde;eros&rdquo;.<\/p>\n<p><strong>Un portafolio variado y din&aacute;mico<\/strong><br \/>El amplio portafolio de productos de Royal Ingredients hace que el trabajo de Mike sea variado e interesante. &ldquo;Podemos apoyar a los clientes con una gran variedad de productos y siempre buscamos d&oacute;nde podemos aportar m&aacute;s valor&rdquo;, dice. &ldquo;Incluso cuando los mercados son dif&iacute;ciles, siempre hay nuevas oportunidades si te mantienes curioso y proactivo&rdquo;.<\/p><\/div>\n\t\t\t\t<\/div>\n\t\t\t<\/div>\n\t\t<\/div>\n\t<\/div>\n\n<\/div>\n\n<div id=\"rig-image-small-wrapper\" style=\"padding-top: 0px; padding-bottom: 0px; margin-top: 140px; margin-bottom: 140px;\">\n\n    <div class=\"container\">\n\t\t<div class=\"row\">\n\t\t\t<div class=\"col-12 col-sm-12 col-md-10 col-lg-8 col-xl-8 col-xxl-8 offset-md-1 offset-lg-2 offset-xl-2 offset-xxl-2\">\n\t\t\t\t<div id=\"rig-image-small-content-wrapper\">\n\t\t\t\t\t\t\t\t\t\t<img decoding=\"async\" src=\"https:\/\/rig.webennet.nl\/wp-content\/uploads\/2025\/11\/Website-horizontal-2-1024x768.png\" alt=\"\" \/>\t\t\t\t\t\n\t\t\t\t<\/div>\n\t\t\t<\/div>\n\t\t<\/div>\n\t<\/div>\n\n<\/div>\n\n<div id=\"rig-text-small-wrapper\" style=\"padding-top: 0px; padding-bottom: 0px; margin-top: 140px; margin-bottom: 140px;\">\n\n    <div class=\"container\">\n\t\t<div class=\"row\">\n\t\t\t<div class=\"col-12 col-sm-12 col-md-10 col-lg-8 col-xl-8 col-xxl-8 offset-md-1 offset-lg-2 offset-xl-2 offset-xxl-2\">\n\t\t\t\t<div id=\"rig-text-small-content-wrapper\">\n\t\t\t\t\t<div class=\"rig-text-small-content-wrapper\"><p><strong>Construyendo relaciones a trav&eacute;s de la comunicaci&oacute;n<\/strong><br \/>El idioma juega un papel clave en el trabajo diario de Mike. Con fluidez en espa&ntilde;ol, portugu&eacute;s, ingl&eacute;s y neerland&eacute;s, considera que una comunicaci&oacute;n clara es esencial para generar confianza. &ldquo;Hablar el idioma de otra persona te ayuda a conectar m&aacute;s r&aacute;pido y demuestra que est&aacute;s dispuesto a esforzarte por ella. A menudo eso lleva a conversaciones m&aacute;s abiertas y sinceras&rdquo;.<\/p>\n<p><strong>Aprender a trav&eacute;s de la experiencia<\/strong><br \/>Desde que se uni&oacute; a Royal Ingredients, Mike ha crecido junto con sus mercados y sus colegas. &ldquo;Lo que me gusta es que aprendes constantemente, de los clientes, de las situaciones y de tus propias experiencias&rdquo;, dice. &ldquo;Que conf&iacute;en en ti para tomar decisiones y construir algo te da una verdadera sensaci&oacute;n de responsabilidad y satisfacci&oacute;n&rdquo;.<\/p>\n<p>De cara al futuro, el enfoque de Mike sigue siendo fortalecer relaciones y crear alianzas a largo plazo. Su historia refleja lo que muchas personas en Royal Ingredients valoran: la libertad para tomar iniciativa, una cultura abierta que impulsa la colaboraci&oacute;n y la oportunidad de crecer con responsabilidad real.<\/p>\n<p><strong>Sobre Mike<\/strong><br \/>Mike es Sales Manager para Am&eacute;rica Latina en Royal Ingredients. Durante los &uacute;ltimos tres a&ntilde;os y medio, ha desarrollado relaciones s&oacute;lidas en sus mercados y ha construido un rol que combina autonom&iacute;a, trabajo en equipo y colaboraci&oacute;n internacional. Lo motiva el crecimiento personal, la responsabilidad y la creaci&oacute;n de alianzas a largo plazo basadas en la confianza.<\/p>\n<p>&iquest;Quieres trabajar en un equipo internacional donde se valoran las ideas y la iniciativa? Visita nuestra&hellip;<\/p>\n<p><em style=\"color: initial\"> <a href=\"https:\/\/rig.webennet.nl\/careers\/\">Careers page<\/a> para explorar las oportunidades actuales y ver c&oacute;mo es formar parte de Royal Ingredients.<\/em><\/p><\/div>\n\t\t\t\t<\/div>\n\t\t\t<\/div>\n\t\t<\/div>\n\t<\/div>\n\n<\/div>\n\n\n<p><\/p>\n","protected":false},"excerpt":{"rendered":"<p>El Gerente de Ventas para Am\u00e9rica Latina, Mike Paarlberg, comparte c\u00f3mo la confianza, el trabajo en equipo y la colaboraci\u00f3n internacional dan forma a su rol en Royal Ingredients.<\/p>\n","protected":false},"author":1,"featured_media":3041,"parent":1818,"menu_order":1,"comment_status":"closed","ping_status":"closed","template":"","meta":{"_acf_changed":false,"footnotes":""},"categories":[110],"tags":[],"class_list":["post-3091","page","type-page","status-publish","has-post-thumbnail","hentry","category-employee-stories-es"],"acf":[],"yoast_head":"<!-- This site is optimized with the Yoast SEO plugin v27.1.1 - https:\/\/yoast.com\/product\/yoast-seo-wordpress\/ -->\n<title>Creciendo con confianza y trabajo en equipo | Royal Ingredients Group B.V.<\/title>\n<meta name=\"description\" content=\"Sales Manager Latin America, Mike Paarlberg, shares how trust, teamwork, and international collaboration shape his role at Royal Ingredients.\" \/>\n<meta name=\"robots\" content=\"index, follow, max-snippet:-1, max-image-preview:large, max-video-preview:-1\" \/>\n<link rel=\"canonical\" href=\"https:\/\/rig.webennet.nl\/es\/carreras\/mike-paarlberg-royal-ingredients\/\" \/>\n<meta property=\"og:locale\" content=\"es_ES\" \/>\n<meta property=\"og:type\" content=\"article\" \/>\n<meta property=\"og:title\" content=\"Creciendo con confianza y trabajo en equipo | Royal Ingredients Group B.V.\" \/>\n<meta property=\"og:description\" content=\"Sales Manager Latin America, Mike Paarlberg, shares how trust, teamwork, and international collaboration shape his role at Royal Ingredients.\" \/>\n<meta property=\"og:url\" content=\"https:\/\/rig.webennet.nl\/es\/carreras\/mike-paarlberg-royal-ingredients\/\" \/>\n<meta property=\"og:site_name\" content=\"Royal Ingredients Group B.V.\" \/>\n<meta property=\"article:modified_time\" content=\"2026-02-20T10:40:56+00:00\" \/>\n<meta property=\"og:image\" content=\"https:\/\/rig.webennet.nl\/wp-content\/uploads\/2025\/11\/Excerpt-website-image-blogs-4.png\" \/>\n\t<meta property=\"og:image:width\" content=\"1200\" \/>\n\t<meta property=\"og:image:height\" content=\"900\" \/>\n\t<meta property=\"og:image:type\" content=\"image\/png\" \/>\n<meta name=\"twitter:card\" content=\"summary_large_image\" \/>\n<meta name=\"twitter:label1\" content=\"Tiempo de lectura\" \/>\n\t<meta name=\"twitter:data1\" content=\"1 minuto\" \/>\n<script type=\"application\/ld+json\" class=\"yoast-schema-graph\">{\"@context\":\"https:\/\/schema.org\",\"@graph\":[{\"@type\":\"WebPage\",\"@id\":\"https:\/\/rig.webennet.nl\/es\/carreras\/mike-paarlberg-royal-ingredients\/\",\"url\":\"https:\/\/rig.webennet.nl\/es\/carreras\/mike-paarlberg-royal-ingredients\/\",\"name\":\"Creciendo con confianza y trabajo en equipo | Royal Ingredients Group B.V.\",\"isPartOf\":{\"@id\":\"https:\/\/rig.webennet.nl\/es\/#website\"},\"primaryImageOfPage\":{\"@id\":\"https:\/\/rig.webennet.nl\/es\/carreras\/mike-paarlberg-royal-ingredients\/#primaryimage\"},\"image\":{\"@id\":\"https:\/\/rig.webennet.nl\/es\/carreras\/mike-paarlberg-royal-ingredients\/#primaryimage\"},\"thumbnailUrl\":\"https:\/\/rig.webennet.nl\/wp-content\/uploads\/2025\/11\/Excerpt-website-image-blogs-4.png\",\"datePublished\":\"2025-11-25T09:00:00+00:00\",\"dateModified\":\"2026-02-20T10:40:56+00:00\",\"description\":\"Sales Manager Latin America, Mike Paarlberg, shares how trust, teamwork, and international collaboration shape his role at Royal Ingredients.\",\"breadcrumb\":{\"@id\":\"https:\/\/rig.webennet.nl\/es\/carreras\/mike-paarlberg-royal-ingredients\/#breadcrumb\"},\"inLanguage\":\"es\",\"potentialAction\":[{\"@type\":\"ReadAction\",\"target\":[\"https:\/\/rig.webennet.nl\/es\/carreras\/mike-paarlberg-royal-ingredients\/\"]}]},{\"@type\":\"ImageObject\",\"inLanguage\":\"es\",\"@id\":\"https:\/\/rig.webennet.nl\/es\/carreras\/mike-paarlberg-royal-ingredients\/#primaryimage\",\"url\":\"https:\/\/rig.webennet.nl\/wp-content\/uploads\/2025\/11\/Excerpt-website-image-blogs-4.png\",\"contentUrl\":\"https:\/\/rig.webennet.nl\/wp-content\/uploads\/2025\/11\/Excerpt-website-image-blogs-4.png\",\"width\":1200,\"height\":900},{\"@type\":\"BreadcrumbList\",\"@id\":\"https:\/\/rig.webennet.nl\/es\/carreras\/mike-paarlberg-royal-ingredients\/#breadcrumb\",\"itemListElement\":[{\"@type\":\"ListItem\",\"position\":1,\"name\":\"Home\",\"item\":\"https:\/\/rig.webennet.nl\/es\/\"},{\"@type\":\"ListItem\",\"position\":2,\"name\":\"Carreras\",\"item\":\"https:\/\/rig.webennet.nl\/es\/carreras\/\"},{\"@type\":\"ListItem\",\"position\":3,\"name\":\"...\"}]},{\"@type\":\"WebSite\",\"@id\":\"https:\/\/rig.webennet.nl\/es\/#website\",\"url\":\"https:\/\/rig.webennet.nl\/es\/\",\"name\":\"Royal Ingredients Group B.V.\",\"description\":\"\",\"potentialAction\":[{\"@type\":\"SearchAction\",\"target\":{\"@type\":\"EntryPoint\",\"urlTemplate\":\"https:\/\/rig.webennet.nl\/es\/?s={search_term_string}\"},\"query-input\":{\"@type\":\"PropertyValueSpecification\",\"valueRequired\":true,\"valueName\":\"search_term_string\"}}],\"inLanguage\":\"es\"}]}<\/script>\n<!-- \/ Yoast SEO plugin. -->","yoast_head_json":{"title":"Creciendo con confianza y trabajo en equipo | Royal Ingredients Group B.V.","description":"Sales Manager Latin America, Mike Paarlberg, shares how trust, teamwork, and international collaboration shape his role at Royal Ingredients.","robots":{"index":"index","follow":"follow","max-snippet":"max-snippet:-1","max-image-preview":"max-image-preview:large","max-video-preview":"max-video-preview:-1"},"canonical":"https:\/\/rig.webennet.nl\/es\/carreras\/mike-paarlberg-royal-ingredients\/","og_locale":"es_ES","og_type":"article","og_title":"Creciendo con confianza y trabajo en equipo | Royal Ingredients Group B.V.","og_description":"Sales Manager Latin America, Mike Paarlberg, shares how trust, teamwork, and international collaboration shape his role at Royal Ingredients.","og_url":"https:\/\/rig.webennet.nl\/es\/carreras\/mike-paarlberg-royal-ingredients\/","og_site_name":"Royal Ingredients Group B.V.","article_modified_time":"2026-02-20T10:40:56+00:00","og_image":[{"width":1200,"height":900,"url":"https:\/\/rig.webennet.nl\/wp-content\/uploads\/2025\/11\/Excerpt-website-image-blogs-4.png","type":"image\/png"}],"twitter_card":"summary_large_image","twitter_misc":{"Tiempo de lectura":"1 minuto"},"schema":{"@context":"https:\/\/schema.org","@graph":[{"@type":"WebPage","@id":"https:\/\/rig.webennet.nl\/es\/carreras\/mike-paarlberg-royal-ingredients\/","url":"https:\/\/rig.webennet.nl\/es\/carreras\/mike-paarlberg-royal-ingredients\/","name":"Creciendo con confianza y trabajo en equipo | Royal Ingredients Group B.V.","isPartOf":{"@id":"https:\/\/rig.webennet.nl\/es\/#website"},"primaryImageOfPage":{"@id":"https:\/\/rig.webennet.nl\/es\/carreras\/mike-paarlberg-royal-ingredients\/#primaryimage"},"image":{"@id":"https:\/\/rig.webennet.nl\/es\/carreras\/mike-paarlberg-royal-ingredients\/#primaryimage"},"thumbnailUrl":"https:\/\/rig.webennet.nl\/wp-content\/uploads\/2025\/11\/Excerpt-website-image-blogs-4.png","datePublished":"2025-11-25T09:00:00+00:00","dateModified":"2026-02-20T10:40:56+00:00","description":"Sales Manager Latin America, Mike Paarlberg, shares how trust, teamwork, and international collaboration shape his role at Royal Ingredients.","breadcrumb":{"@id":"https:\/\/rig.webennet.nl\/es\/carreras\/mike-paarlberg-royal-ingredients\/#breadcrumb"},"inLanguage":"es","potentialAction":[{"@type":"ReadAction","target":["https:\/\/rig.webennet.nl\/es\/carreras\/mike-paarlberg-royal-ingredients\/"]}]},{"@type":"ImageObject","inLanguage":"es","@id":"https:\/\/rig.webennet.nl\/es\/carreras\/mike-paarlberg-royal-ingredients\/#primaryimage","url":"https:\/\/rig.webennet.nl\/wp-content\/uploads\/2025\/11\/Excerpt-website-image-blogs-4.png","contentUrl":"https:\/\/rig.webennet.nl\/wp-content\/uploads\/2025\/11\/Excerpt-website-image-blogs-4.png","width":1200,"height":900},{"@type":"BreadcrumbList","@id":"https:\/\/rig.webennet.nl\/es\/carreras\/mike-paarlberg-royal-ingredients\/#breadcrumb","itemListElement":[{"@type":"ListItem","position":1,"name":"Home","item":"https:\/\/rig.webennet.nl\/es\/"},{"@type":"ListItem","position":2,"name":"Carreras","item":"https:\/\/rig.webennet.nl\/es\/carreras\/"},{"@type":"ListItem","position":3,"name":"..."}]},{"@type":"WebSite","@id":"https:\/\/rig.webennet.nl\/es\/#website","url":"https:\/\/rig.webennet.nl\/es\/","name":"Royal Ingredients Group B.V.","description":"","potentialAction":[{"@type":"SearchAction","target":{"@type":"EntryPoint","urlTemplate":"https:\/\/rig.webennet.nl\/es\/?s={search_term_string}"},"query-input":{"@type":"PropertyValueSpecification","valueRequired":true,"valueName":"search_term_string"}}],"inLanguage":"es"}]}},"_links":{"self":[{"href":"https:\/\/rig.webennet.nl\/es\/wp-json\/wp\/v2\/pages\/3091","targetHints":{"allow":["GET"]}}],"collection":[{"href":"https:\/\/rig.webennet.nl\/es\/wp-json\/wp\/v2\/pages"}],"about":[{"href":"https:\/\/rig.webennet.nl\/es\/wp-json\/wp\/v2\/types\/page"}],"author":[{"embeddable":true,"href":"https:\/\/rig.webennet.nl\/es\/wp-json\/wp\/v2\/users\/1"}],"replies":[{"embeddable":true,"href":"https:\/\/rig.webennet.nl\/es\/wp-json\/wp\/v2\/comments?post=3091"}],"version-history":[{"count":3,"href":"https:\/\/rig.webennet.nl\/es\/wp-json\/wp\/v2\/pages\/3091\/revisions"}],"predecessor-version":[{"id":3133,"href":"https:\/\/rig.webennet.nl\/es\/wp-json\/wp\/v2\/pages\/3091\/revisions\/3133"}],"up":[{"embeddable":true,"href":"https:\/\/rig.webennet.nl\/es\/wp-json\/wp\/v2\/pages\/1818"}],"wp:featuredmedia":[{"embeddable":true,"href":"https:\/\/rig.webennet.nl\/es\/wp-json\/wp\/v2\/media\/3041"}],"wp:attachment":[{"href":"https:\/\/rig.webennet.nl\/es\/wp-json\/wp\/v2\/media?parent=3091"}],"wp:term":[{"taxonomy":"category","embeddable":true,"href":"https:\/\/rig.webennet.nl\/es\/wp-json\/wp\/v2\/categories?post=3091"},{"taxonomy":"post_tag","embeddable":true,"href":"https:\/\/rig.webennet.nl\/es\/wp-json\/wp\/v2\/tags?post=3091"}],"curies":[{"name":"wp","href":"https:\/\/api.w.org\/{rel}","templated":true}]}}