{"id":3094,"date":"2025-07-16T17:16:56","date_gmt":"2025-07-16T17:16:56","guid":{"rendered":"https:\/\/rig.webennet.nl\/carreras\/mariella-quality-journey\/"},"modified":"2026-02-20T10:42:47","modified_gmt":"2026-02-20T10:42:47","slug":"mariella-quality-journey","status":"publish","type":"page","link":"https:\/\/rig.webennet.nl\/es\/carreras\/mariella-quality-journey\/","title":{"rendered":"El recorrido de Mariella en calidad y liderazgo"},"content":{"rendered":"\n\n<div id=\"rig-header-wrapper\" style=\"padding-top: 0px; padding-bottom: px; margin-top: 0px; margin-bottom: 0px;\">\n\n    <div class=\"container\">\n\t\t<div class=\"row\">\n\t\t\t<div class=\"col-12 col-sm-12 col-md-12 col-lg-12 col-xl-12 col-xxl-12\">\n\t\t\t\t<div id=\"rig-header-content-wrapper\">\n\t\t\t\t\t<div id=\"rig-header-content-image-wrapper\">\n\t\t\t\t\t\t<div class=\"rig-header-content-image-container\">\n\t\t\t\t\t\t\t\t\t\t\t\t\t\t<img decoding=\"async\" src=\"https:\/\/rig.webennet.nl\/wp-content\/uploads\/2025\/06\/Mariella-Volkers-2-1024x1024.png\" alt=\"\" \/>\n\t\t\t\t\t\t<\/div>\n\t\t\t\t\t<\/div>\n\t\t\t\t\t<div id=\"rig-header-content-content-wrapper\">\n\t\t\t\t\t\t<div id=\"rig-header-content-breadcrumb-wrapper\">\n\t\t\t\t\t\t\t\t\t\t\t\t\t<\/div>\n\t\t\t\t\t\t<div class=\"rig-header-content-content-container\">\n\t\t\t\t\t\t\t<h1 class=\"rig-header-content-content-title\"><p><strong>El recorrido de Mariella en calidad y liderazgo<\/strong><\/p>\n<\/h1>\n\t\t\t\t\t\t\t<div class=\"rig-header-content-content-text\"><\/div>\n\t\t\t\t\t\t\t\t\t\t\t\t\t\t\t\t\t\t\t\t\t\n\t\t\t\t\t\t\t\n\t\t\t\t\t\t<\/div>\n\t\t\t\t\t<\/div>\n\t\t\t\t<\/div>\n\t\t\t<\/div>\n\t\t<\/div>\n\t<\/div>\n\n<\/div>\n\n<div id=\"rig-text-small-wrapper\" style=\"padding-top: 0px; padding-bottom: 0px; margin-top: 140px; margin-bottom: 140px;\">\n\n    <div class=\"container\">\n\t\t<div class=\"row\">\n\t\t\t<div class=\"col-12 col-sm-12 col-md-10 col-lg-8 col-xl-8 col-xxl-8 offset-md-1 offset-lg-2 offset-xl-2 offset-xxl-2\">\n\t\t\t\t<div id=\"rig-text-small-content-wrapper\">\n\t\t\t\t\t<div class=\"rig-text-small-content-wrapper\"><p data-start=\"0\" data-end=\"643\"><strong data-start=\"0\" data-end=\"54\">Construyendo una carrera mientras lidero un equipo<\/strong><br data-start=\"54\" data-end=\"57\" \/>Soy Mariella Freudenau Volkers, tengo 38 a&ntilde;os, estoy casada y soy una orgullosa madre de tres hijos. Hace casi tres a&ntilde;os di un paso importante en mi carrera. Despu&eacute;s de trabajar m&aacute;s de 12 a&ntilde;os en el departamento de calidad de una empresa de fabricaci&oacute;n conocida por sus rollitos de primavera y productos de queso empanado, sent&iacute; que estaba lista para un nuevo desaf&iacute;o. Ese siguiente paso me llev&oacute; a Royal Ingredients, donde comenc&eacute; como Quality Officer. A principios de este a&ntilde;o asum&iacute; el rol de Quality Manager, un cambio que ha sido muy gratificante y lleno de momentos de aprendizaje.<\/p>\n<p data-start=\"645\" data-end=\"1066\"><strong data-start=\"645\" data-end=\"684\">Garantizando calidad con compromiso<\/strong><br data-start=\"684\" data-end=\"687\" \/>Asumir el rol de Quality Manager signific&oacute; dar un paso adelante para liderar un equipo peque&ntilde;o pero comprometido. En mi puesto actual soy responsable de supervisar todos los aspectos del sistema de gesti&oacute;n de calidad, lo que me permite desarrollar una comprensi&oacute;n m&aacute;s profunda de los procesos de aseguramiento de calidad y asumir una mayor responsabilidad en el &eacute;xito del equipo.<\/p>\n<p data-start=\"1068\" data-end=\"1444\" data-is-last-node=\"\" data-is-only-node=\"\">Trabajamos muy de cerca para asegurarnos de que los ingredientes que ofrecemos cumplan con los m&aacute;s altos est&aacute;ndares de calidad antes de llegar a nuestros socios en todo el mundo. Trabajar a nivel global significa tratar con diferentes mercados y regulaciones. No hay dos d&iacute;as iguales, y realmente disfruto esa variedad constante. Nos impulsa a mantenernos atentos y flexibles.<\/p><\/div>\n\t\t\t\t<\/div>\n\t\t\t<\/div>\n\t\t<\/div>\n\t<\/div>\n\n<\/div>\n\n<div id=\"rig-image-small-wrapper\" style=\"padding-top: 0px; padding-bottom: 0px; margin-top: 140px; margin-bottom: 140px;\">\n\n    <div class=\"container\">\n\t\t<div class=\"row\">\n\t\t\t<div class=\"col-12 col-sm-12 col-md-10 col-lg-8 col-xl-8 col-xxl-8 offset-md-1 offset-lg-2 offset-xl-2 offset-xxl-2\">\n\t\t\t\t<div id=\"rig-image-small-content-wrapper\">\n\t\t\t\t\t\t\t\t\t\t<img decoding=\"async\" src=\"https:\/\/rig.webennet.nl\/wp-content\/uploads\/2025\/05\/Website-horizontal-4-1-1024x768.png\" alt=\"\" \/>\t\t\t\t\t\n\t\t\t\t<\/div>\n\t\t\t<\/div>\n\t\t<\/div>\n\t<\/div>\n\n<\/div>\n\n<div id=\"rig-text-small-wrapper\" style=\"padding-top: 0px; padding-bottom: 0px; margin-top: 140px; margin-bottom: 140px;\">\n\n    <div class=\"container\">\n\t\t<div class=\"row\">\n\t\t\t<div class=\"col-12 col-sm-12 col-md-10 col-lg-8 col-xl-8 col-xxl-8 offset-md-1 offset-lg-2 offset-xl-2 offset-xxl-2\">\n\t\t\t\t<div id=\"rig-text-small-content-wrapper\">\n\t\t\t\t\t<div class=\"rig-text-small-content-wrapper\"><p data-start=\"0\" data-end=\"449\"><strong data-start=\"0\" data-end=\"38\">Una cultura de apoyo y aprendizaje<\/strong><br data-start=\"38\" data-end=\"41\" \/>En este rol, una de las mayores fortalezas ha sido la orientaci&oacute;n del equipo directivo. Trabajo de cerca con un l&iacute;der que aporta una gran experiencia y conocimiento. Ese tipo de apoyo crea un entorno de trabajo tranquilo y seguro, donde nos sentimos valorados y motivados a crecer. Es un privilegio trabajar bajo este liderazgo, que me permite enfocarme tanto en mi propio desarrollo como en el de mi equipo.<\/p>\n<p data-start=\"451\" data-end=\"506\">&ldquo;Lo que m&aacute;s valoro es que juntos podemos lograr mucho.&rdquo;<\/p>\n<p data-start=\"508\" data-end=\"899\"><strong data-start=\"508\" data-end=\"554\">Un crecimiento que va en ambas direcciones<\/strong><br data-start=\"554\" data-end=\"557\" \/>Una de las mejores partes de mi trabajo es ver crecer a los dem&aacute;s. Acompa&ntilde;ar y apoyar a las personas en su desarrollo me da mucha energ&iacute;a. Aqu&iacute; existe un verdadero esp&iacute;ritu de trabajo en equipo. Todos est&aacute;n dispuestos a ayudarse mutuamente y el deseo de aprender se nota en toda la empresa, lo que crea un entorno de crecimiento y desarrollo.<\/p>\n<p data-start=\"901\" data-end=\"1069\">Me siento orgullosa de formar parte de una empresa que cree en su gente y promueve un entorno de trabajo positivo y de apoyo, donde todos sienten que pueden contribuir.<\/p>\n<p data-start=\"1071\" data-end=\"1368\"><strong data-start=\"1071\" data-end=\"1097\">Mirando hacia adelante<\/strong><br data-start=\"1097\" data-end=\"1100\" \/>Al pensar en el futuro, me entusiasma lo que viene. Cada desaf&iacute;o trae una nueva lecci&oacute;n y cada logro es algo que alcanzamos juntos. Ya sea adapt&aacute;ndonos a una nueva regulaci&oacute;n o acompa&ntilde;ando a un miembro del equipo en un nuevo rol, siempre hay algo valioso que aprender.<\/p>\n<p data-start=\"1370\" data-end=\"1442\">En Royal Ingredients no solo mantenemos est&aacute;ndares. Los elevamos juntos.<\/p>\n<p data-start=\"1444\" data-end=\"1598\" data-is-last-node=\"\" data-is-only-node=\"\">Si est&aacute;s buscando un lugar donde las personas crecen juntas, asumen responsabilidad y generan un impacto real, nos encantar&iacute;a saber de ti. Visita nuestra<em> <a href=\"https:\/\/rig.webennet.nl\/careers\/\">Careers page<\/a> para explorar las oportunidades actuales y descubrir c&oacute;mo es formar parte de Royal Ingredients.<\/em><\/p>\n<p data-start=\"1444\" data-end=\"1598\" data-is-last-node=\"\" data-is-only-node=\"\"><strong data-start=\"0\" data-end=\"18\" data-is-only-node=\"\">Sobre Mariella<\/strong><br data-start=\"18\" data-end=\"21\" \/>Mariella es Quality Manager en Royal Ingredients. Con m&aacute;s de 15 a&ntilde;os de experiencia en aseguramiento de calidad, le apasiona acompa&ntilde;ar a los equipos, mantener altos est&aacute;ndares y construir una cultura de compromiso y desarrollo continuo.<\/p><\/div>\n\t\t\t\t<\/div>\n\t\t\t<\/div>\n\t\t<\/div>\n\t<\/div>\n\n<\/div>\n\n\n<p><\/p>\n","protected":false},"excerpt":{"rendered":"<p>Mariella comparte c\u00f3mo pas\u00f3 de Quality Officer a Quality Manager, equilibrando liderazgo, trabajo en equipo y una pasi\u00f3n por la excelencia.<\/p>\n","protected":false},"author":1,"featured_media":3027,"parent":1818,"menu_order":1,"comment_status":"closed","ping_status":"closed","template":"","meta":{"_acf_changed":false,"footnotes":""},"categories":[110],"tags":[],"class_list":["post-3094","page","type-page","status-publish","has-post-thumbnail","hentry","category-employee-stories-es"],"acf":[],"yoast_head":"<!-- This site is optimized with the Yoast SEO plugin v27.1.1 - https:\/\/yoast.com\/product\/yoast-seo-wordpress\/ -->\n<title>From officer to manager: Mariella\u2019s quality journey<\/title>\n<meta name=\"description\" content=\"Mariella shares how she grew from Quality Officer to Manager while balancing leadership, teamwork, and a passion for excellence.\" \/>\n<meta name=\"robots\" content=\"index, follow, max-snippet:-1, max-image-preview:large, max-video-preview:-1\" \/>\n<link rel=\"canonical\" href=\"https:\/\/rig.webennet.nl\/es\/carreras\/mariella-quality-journey\/\" \/>\n<meta property=\"og:locale\" content=\"es_ES\" \/>\n<meta property=\"og:type\" content=\"article\" \/>\n<meta property=\"og:title\" content=\"From officer to manager: Mariella\u2019s quality journey\" \/>\n<meta property=\"og:description\" content=\"Mariella shares how she grew from Quality Officer to Manager while balancing leadership, teamwork, and a passion for excellence.\" \/>\n<meta property=\"og:url\" content=\"https:\/\/rig.webennet.nl\/es\/carreras\/mariella-quality-journey\/\" \/>\n<meta property=\"og:site_name\" content=\"Royal Ingredients Group B.V.\" \/>\n<meta property=\"article:modified_time\" content=\"2026-02-20T10:42:47+00:00\" \/>\n<meta property=\"og:image\" content=\"https:\/\/rig.webennet.nl\/wp-content\/uploads\/2025\/11\/Mariella.png\" \/>\n\t<meta property=\"og:image:width\" content=\"1200\" \/>\n\t<meta property=\"og:image:height\" content=\"900\" \/>\n\t<meta property=\"og:image:type\" content=\"image\/png\" \/>\n<meta name=\"twitter:card\" content=\"summary_large_image\" \/>\n<meta name=\"twitter:label1\" content=\"Tiempo de lectura\" \/>\n\t<meta name=\"twitter:data1\" content=\"1 minuto\" \/>\n<script type=\"application\/ld+json\" class=\"yoast-schema-graph\">{\"@context\":\"https:\/\/schema.org\",\"@graph\":[{\"@type\":\"WebPage\",\"@id\":\"https:\/\/rig.webennet.nl\/es\/carreras\/mariella-quality-journey\/\",\"url\":\"https:\/\/rig.webennet.nl\/es\/carreras\/mariella-quality-journey\/\",\"name\":\"From officer to manager: Mariella\u2019s quality journey\",\"isPartOf\":{\"@id\":\"https:\/\/rig.webennet.nl\/es\/#website\"},\"primaryImageOfPage\":{\"@id\":\"https:\/\/rig.webennet.nl\/es\/carreras\/mariella-quality-journey\/#primaryimage\"},\"image\":{\"@id\":\"https:\/\/rig.webennet.nl\/es\/carreras\/mariella-quality-journey\/#primaryimage\"},\"thumbnailUrl\":\"https:\/\/rig.webennet.nl\/wp-content\/uploads\/2025\/11\/Mariella.png\",\"datePublished\":\"2025-07-16T17:16:56+00:00\",\"dateModified\":\"2026-02-20T10:42:47+00:00\",\"description\":\"Mariella shares how she grew from Quality Officer to Manager while balancing leadership, teamwork, and a passion for excellence.\",\"breadcrumb\":{\"@id\":\"https:\/\/rig.webennet.nl\/es\/carreras\/mariella-quality-journey\/#breadcrumb\"},\"inLanguage\":\"es\",\"potentialAction\":[{\"@type\":\"ReadAction\",\"target\":[\"https:\/\/rig.webennet.nl\/es\/carreras\/mariella-quality-journey\/\"]}]},{\"@type\":\"ImageObject\",\"inLanguage\":\"es\",\"@id\":\"https:\/\/rig.webennet.nl\/es\/carreras\/mariella-quality-journey\/#primaryimage\",\"url\":\"https:\/\/rig.webennet.nl\/wp-content\/uploads\/2025\/11\/Mariella.png\",\"contentUrl\":\"https:\/\/rig.webennet.nl\/wp-content\/uploads\/2025\/11\/Mariella.png\",\"width\":1200,\"height\":900},{\"@type\":\"BreadcrumbList\",\"@id\":\"https:\/\/rig.webennet.nl\/es\/carreras\/mariella-quality-journey\/#breadcrumb\",\"itemListElement\":[{\"@type\":\"ListItem\",\"position\":1,\"name\":\"Home\",\"item\":\"https:\/\/rig.webennet.nl\/es\/\"},{\"@type\":\"ListItem\",\"position\":2,\"name\":\"Carreras\",\"item\":\"https:\/\/rig.webennet.nl\/es\/carreras\/\"},{\"@type\":\"ListItem\",\"position\":3,\"name\":\"...\"}]},{\"@type\":\"WebSite\",\"@id\":\"https:\/\/rig.webennet.nl\/es\/#website\",\"url\":\"https:\/\/rig.webennet.nl\/es\/\",\"name\":\"Royal Ingredients Group B.V.\",\"description\":\"\",\"potentialAction\":[{\"@type\":\"SearchAction\",\"target\":{\"@type\":\"EntryPoint\",\"urlTemplate\":\"https:\/\/rig.webennet.nl\/es\/?s={search_term_string}\"},\"query-input\":{\"@type\":\"PropertyValueSpecification\",\"valueRequired\":true,\"valueName\":\"search_term_string\"}}],\"inLanguage\":\"es\"}]}<\/script>\n<!-- \/ Yoast SEO plugin. -->","yoast_head_json":{"title":"From officer to manager: Mariella\u2019s quality journey","description":"Mariella shares how she grew from Quality Officer to Manager while balancing leadership, teamwork, and a passion for excellence.","robots":{"index":"index","follow":"follow","max-snippet":"max-snippet:-1","max-image-preview":"max-image-preview:large","max-video-preview":"max-video-preview:-1"},"canonical":"https:\/\/rig.webennet.nl\/es\/carreras\/mariella-quality-journey\/","og_locale":"es_ES","og_type":"article","og_title":"From officer to manager: Mariella\u2019s quality journey","og_description":"Mariella shares how she grew from Quality Officer to Manager while balancing leadership, teamwork, and a passion for excellence.","og_url":"https:\/\/rig.webennet.nl\/es\/carreras\/mariella-quality-journey\/","og_site_name":"Royal Ingredients Group B.V.","article_modified_time":"2026-02-20T10:42:47+00:00","og_image":[{"width":1200,"height":900,"url":"https:\/\/rig.webennet.nl\/wp-content\/uploads\/2025\/11\/Mariella.png","type":"image\/png"}],"twitter_card":"summary_large_image","twitter_misc":{"Tiempo de lectura":"1 minuto"},"schema":{"@context":"https:\/\/schema.org","@graph":[{"@type":"WebPage","@id":"https:\/\/rig.webennet.nl\/es\/carreras\/mariella-quality-journey\/","url":"https:\/\/rig.webennet.nl\/es\/carreras\/mariella-quality-journey\/","name":"From officer to manager: Mariella\u2019s quality journey","isPartOf":{"@id":"https:\/\/rig.webennet.nl\/es\/#website"},"primaryImageOfPage":{"@id":"https:\/\/rig.webennet.nl\/es\/carreras\/mariella-quality-journey\/#primaryimage"},"image":{"@id":"https:\/\/rig.webennet.nl\/es\/carreras\/mariella-quality-journey\/#primaryimage"},"thumbnailUrl":"https:\/\/rig.webennet.nl\/wp-content\/uploads\/2025\/11\/Mariella.png","datePublished":"2025-07-16T17:16:56+00:00","dateModified":"2026-02-20T10:42:47+00:00","description":"Mariella shares how she grew from Quality Officer to Manager while balancing leadership, teamwork, and a passion for excellence.","breadcrumb":{"@id":"https:\/\/rig.webennet.nl\/es\/carreras\/mariella-quality-journey\/#breadcrumb"},"inLanguage":"es","potentialAction":[{"@type":"ReadAction","target":["https:\/\/rig.webennet.nl\/es\/carreras\/mariella-quality-journey\/"]}]},{"@type":"ImageObject","inLanguage":"es","@id":"https:\/\/rig.webennet.nl\/es\/carreras\/mariella-quality-journey\/#primaryimage","url":"https:\/\/rig.webennet.nl\/wp-content\/uploads\/2025\/11\/Mariella.png","contentUrl":"https:\/\/rig.webennet.nl\/wp-content\/uploads\/2025\/11\/Mariella.png","width":1200,"height":900},{"@type":"BreadcrumbList","@id":"https:\/\/rig.webennet.nl\/es\/carreras\/mariella-quality-journey\/#breadcrumb","itemListElement":[{"@type":"ListItem","position":1,"name":"Home","item":"https:\/\/rig.webennet.nl\/es\/"},{"@type":"ListItem","position":2,"name":"Carreras","item":"https:\/\/rig.webennet.nl\/es\/carreras\/"},{"@type":"ListItem","position":3,"name":"..."}]},{"@type":"WebSite","@id":"https:\/\/rig.webennet.nl\/es\/#website","url":"https:\/\/rig.webennet.nl\/es\/","name":"Royal Ingredients Group B.V.","description":"","potentialAction":[{"@type":"SearchAction","target":{"@type":"EntryPoint","urlTemplate":"https:\/\/rig.webennet.nl\/es\/?s={search_term_string}"},"query-input":{"@type":"PropertyValueSpecification","valueRequired":true,"valueName":"search_term_string"}}],"inLanguage":"es"}]}},"_links":{"self":[{"href":"https:\/\/rig.webennet.nl\/es\/wp-json\/wp\/v2\/pages\/3094","targetHints":{"allow":["GET"]}}],"collection":[{"href":"https:\/\/rig.webennet.nl\/es\/wp-json\/wp\/v2\/pages"}],"about":[{"href":"https:\/\/rig.webennet.nl\/es\/wp-json\/wp\/v2\/types\/page"}],"author":[{"embeddable":true,"href":"https:\/\/rig.webennet.nl\/es\/wp-json\/wp\/v2\/users\/1"}],"replies":[{"embeddable":true,"href":"https:\/\/rig.webennet.nl\/es\/wp-json\/wp\/v2\/comments?post=3094"}],"version-history":[{"count":2,"href":"https:\/\/rig.webennet.nl\/es\/wp-json\/wp\/v2\/pages\/3094\/revisions"}],"predecessor-version":[{"id":3135,"href":"https:\/\/rig.webennet.nl\/es\/wp-json\/wp\/v2\/pages\/3094\/revisions\/3135"}],"up":[{"embeddable":true,"href":"https:\/\/rig.webennet.nl\/es\/wp-json\/wp\/v2\/pages\/1818"}],"wp:featuredmedia":[{"embeddable":true,"href":"https:\/\/rig.webennet.nl\/es\/wp-json\/wp\/v2\/media\/3027"}],"wp:attachment":[{"href":"https:\/\/rig.webennet.nl\/es\/wp-json\/wp\/v2\/media?parent=3094"}],"wp:term":[{"taxonomy":"category","embeddable":true,"href":"https:\/\/rig.webennet.nl\/es\/wp-json\/wp\/v2\/categories?post=3094"},{"taxonomy":"post_tag","embeddable":true,"href":"https:\/\/rig.webennet.nl\/es\/wp-json\/wp\/v2\/tags?post=3094"}],"curies":[{"name":"wp","href":"https:\/\/api.w.org\/{rel}","templated":true}]}}